{"id":573,"date":"2016-12-04T19:52:04","date_gmt":"2016-12-04T18:52:04","guid":{"rendered":"http:\/\/monters.de\/?page_id=573"},"modified":"2024-01-10T16:56:30","modified_gmt":"2024-01-10T15:56:30","slug":"durch-das-jahr-dezember","status":"publish","type":"page","link":"https:\/\/monters.liebau.org\/?page_id=573","title":{"rendered":"Dezember"},"content":{"rendered":"<p>&nbsp;<\/p>\n<h1><img loading=\"lazy\" decoding=\"async\" class=\"alignleft wp-image-577\" src=\"http:\/\/monters.liebau.org\/wp-content\/uploads\/2016\/12\/12_Dezember_Logo-300x144.png\" alt=\"\" width=\"200\" height=\"96\" srcset=\"https:\/\/monters.liebau.org\/wp-content\/uploads\/2016\/12\/12_Dezember_Logo-300x144.png 300w, https:\/\/monters.liebau.org\/wp-content\/uploads\/2016\/12\/12_Dezember_Logo-768x369.png 768w, https:\/\/monters.liebau.org\/wp-content\/uploads\/2016\/12\/12_Dezember_Logo-1024x492.png 1024w, https:\/\/monters.liebau.org\/wp-content\/uploads\/2016\/12\/12_Dezember_Logo.png 1034w\" sizes=\"auto, (max-width: 200px) 100vw, 200px\" \/><img loading=\"lazy\" decoding=\"async\" class=\"alignright size-medium wp-image-596\" src=\"http:\/\/monters.liebau.org\/wp-content\/uploads\/2017\/01\/01_Januar-Wellcome-300x169.jpg\" alt=\"\" width=\"300\" height=\"169\" srcset=\"https:\/\/monters.liebau.org\/wp-content\/uploads\/2017\/01\/01_Januar-Wellcome-300x169.jpg 300w, https:\/\/monters.liebau.org\/wp-content\/uploads\/2017\/01\/01_Januar-Wellcome.jpg 459w\" sizes=\"auto, (max-width: 300px) 100vw, 300px\" \/><\/h1>\n<h1>Wintersalate<\/h1>\n<p>Frische Salate geh\u00f6ren f\u00fcr die meisten eher zum Sommer und weniger in die kalte Jahreszeit. Zu Unrecht! Klassische Wintersalate wie Chicor\u00e9e, Feld- und Endiviensalat sind auch jetzt knackig und aromatisch.<\/p>\n<p><strong>Die darin enthaltenen Bitterstoffe sind von der Natur geschaffene Heilmittel.<\/strong><\/p>\n<p>Bitterstoffe f\u00f6rdern die Verdauung und sind deshalb nicht zuf\u00e4llig in vielen Heilpflanzen enthalten. Magen, Darm, Galle und Bauchspeicheldr\u00fcse profitieren von ihrer Wirkung. Neueste Forschungen zeigen dar\u00fcber hinaus sogar, dass bitterstoffreiche Mahlzeiten besser satt machen.<\/p>\n<p>Damit der bittere Geschmack nicht dominiert, kann er durch S\u00fc\u00dfes oder Fruchtiges erg\u00e4nzt werden. Etwas Honig im Salatdressing oder Orangen, Granatapfel und Apfel im Salat runden den Geschmack ab.<\/p>\n<p><img loading=\"lazy\" decoding=\"async\" class=\"aligncenter size-large wp-image-578\" src=\"http:\/\/monters.liebau.org\/wp-content\/uploads\/2016\/12\/12_Dezember_Tabelle-Wintersalate-1024x310.jpg\" alt=\"12_dezember_tabelle-wintersalate\" width=\"540\" height=\"163\" srcset=\"https:\/\/monters.liebau.org\/wp-content\/uploads\/2016\/12\/12_Dezember_Tabelle-Wintersalate-1024x310.jpg 1024w, https:\/\/monters.liebau.org\/wp-content\/uploads\/2016\/12\/12_Dezember_Tabelle-Wintersalate-300x91.jpg 300w, https:\/\/monters.liebau.org\/wp-content\/uploads\/2016\/12\/12_Dezember_Tabelle-Wintersalate-768x233.jpg 768w, https:\/\/monters.liebau.org\/wp-content\/uploads\/2016\/12\/12_Dezember_Tabelle-Wintersalate.jpg 1224w\" sizes=\"auto, (max-width: 540px) 100vw, 540px\" \/><br \/>\nFeldsalat und Portulak stechen mit ihrem Gehalt an Vitamin C heraus, aber auch die anderen Salate brauchen sich nicht zu verstecken.<br \/>\n<strong>Alle Wintersalate liefern uns Inhaltsstoffe, die wir in den Wintermonaten besonders dringend brauchen.<\/strong><br \/>\nSie stellen uns eine bemerkenswerte Menge Vitamin C zur Verf\u00fcgung. Zusammen mit dem ebenfalls enthaltenen Eisen und viel Carotin, das im K\u00f6rper in Vitamin A umgewandelt wird, ist das die ideale Kombination, um unser Immunsystem in Schuss zu halten. Was unserem K\u00f6rper noch fehlt wird durch das \u00d6l im Dressing geliefert. Wertvolle unges\u00e4ttigte Fetts\u00e4uren halten unsere Zellen geschmeidig \u2013 auch die im Gehirn.<br \/>\n<strong>Kurzum: Wintersalate sind ein wahres Wellness-Paket f\u00fcr unseren K\u00f6rper.<\/strong><\/p>\n<h2>Rezepte im Dezember<\/h2>\n<p><a href=\"https:\/\/monters.liebau.org\/?page_id=581\">Endiviensalat<\/a><\/p>\n<p><a href=\"https:\/\/monters.liebau.org\/?page_id=587\">Feldsalat mit Granatapfel<\/a><\/p>\n","protected":false},"excerpt":{"rendered":"<p>&nbsp; Wintersalate Frische Salate geh\u00f6ren f\u00fcr die meisten eher zum Sommer und weniger in die kalte Jahreszeit. Zu Unrecht! Klassische Wintersalate wie Chicor\u00e9e, Feld- und Endiviensalat sind auch jetzt knackig und aromatisch. Die darin enthaltenen Bitterstoffe sind von der Natur geschaffene Heilmittel. Bitterstoffe f\u00f6rdern die Verdauung und sind deshalb nicht zuf\u00e4llig in vielen Heilpflanzen enthalten. &#8230; <a title=\"Dezember\" class=\"read-more\" href=\"https:\/\/monters.liebau.org\/?page_id=573\" aria-label=\"Mehr Informationen \u00fcber Dezember\">Weiterlesen<\/a><\/p>\n","protected":false},"author":1,"featured_media":0,"parent":905,"menu_order":12,"comment_status":"closed","ping_status":"closed","template":"","meta":{"footnotes":""},"class_list":["post-573","page","type-page","status-publish"],"_links":{"self":[{"href":"https:\/\/monters.liebau.org\/index.php?rest_route=\/wp\/v2\/pages\/573","targetHints":{"allow":["GET"]}}],"collection":[{"href":"https:\/\/monters.liebau.org\/index.php?rest_route=\/wp\/v2\/pages"}],"about":[{"href":"https:\/\/monters.liebau.org\/index.php?rest_route=\/wp\/v2\/types\/page"}],"author":[{"embeddable":true,"href":"https:\/\/monters.liebau.org\/index.php?rest_route=\/wp\/v2\/users\/1"}],"replies":[{"embeddable":true,"href":"https:\/\/monters.liebau.org\/index.php?rest_route=%2Fwp%2Fv2%2Fcomments&post=573"}],"version-history":[{"count":34,"href":"https:\/\/monters.liebau.org\/index.php?rest_route=\/wp\/v2\/pages\/573\/revisions"}],"predecessor-version":[{"id":1222,"href":"https:\/\/monters.liebau.org\/index.php?rest_route=\/wp\/v2\/pages\/573\/revisions\/1222"}],"up":[{"embeddable":true,"href":"https:\/\/monters.liebau.org\/index.php?rest_route=\/wp\/v2\/pages\/905"}],"wp:attachment":[{"href":"https:\/\/monters.liebau.org\/index.php?rest_route=%2Fwp%2Fv2%2Fmedia&parent=573"}],"curies":[{"name":"wp","href":"https:\/\/api.w.org\/{rel}","templated":true}]}}