{"id":554,"date":"2016-11-06T17:22:43","date_gmt":"2016-11-06T16:22:43","guid":{"rendered":"http:\/\/monters.de\/?page_id=554"},"modified":"2024-01-10T16:55:30","modified_gmt":"2024-01-10T15:55:30","slug":"durch-das-jahr-november","status":"publish","type":"page","link":"https:\/\/monters.liebau.org\/?page_id=554","title":{"rendered":"November"},"content":{"rendered":"<h1><img loading=\"lazy\" decoding=\"async\" class=\"aligncenter wp-image-542 size-large\" src=\"https:\/\/monters.liebau.org\/wp-content\/uploads\/2012\/12\/11_November_2Komp-1024x260.jpg\" alt=\"\" width=\"540\" height=\"137\" srcset=\"https:\/\/monters.liebau.org\/wp-content\/uploads\/2012\/12\/11_November_2Komp-1024x260.jpg 1024w, https:\/\/monters.liebau.org\/wp-content\/uploads\/2012\/12\/11_November_2Komp-300x76.jpg 300w, https:\/\/monters.liebau.org\/wp-content\/uploads\/2012\/12\/11_November_2Komp-768x195.jpg 768w, https:\/\/monters.liebau.org\/wp-content\/uploads\/2012\/12\/11_November_2Komp.jpg 1888w\" sizes=\"auto, (max-width: 540px) 100vw, 540px\" \/><\/h1>\n<h1><img loading=\"lazy\" decoding=\"async\" class=\"alignleft wp-image-540 size-medium\" src=\"https:\/\/monters.liebau.org\/wp-content\/uploads\/2012\/12\/11_November_Logo-300x143.png\" alt=\"\" width=\"300\" height=\"143\" srcset=\"https:\/\/monters.liebau.org\/wp-content\/uploads\/2012\/12\/11_November_Logo-300x143.png 300w, https:\/\/monters.liebau.org\/wp-content\/uploads\/2012\/12\/11_November_Logo-768x365.png 768w, https:\/\/monters.liebau.org\/wp-content\/uploads\/2012\/12\/11_November_Logo.png 1016w\" sizes=\"auto, (max-width: 300px) 100vw, 300px\" \/>Gerste \u2013verkanntes Getreide<\/h1>\n<h1>aus der Region<\/h1>\n<p>Obwohl Deutschland an der Spitze der Gersteproduzenten steht, ist die Gerste auf unseren Tellern nur selten zu finden. Der gr\u00f6\u00dfte Teil der Ernte wird in Form von fl\u00fcssiger Nahrung, als Bier oder gar als Viehfutter verwendet. Gerste hat im Vergleich zu Weizen schlechtere Backeigenschaften und ist daher in B\u00e4ckereien kaum zu finden.<\/p>\n<p>Nacktgerste und Zwergweizen standen in der Jungsteinzeit bereits auf dem Speiseplan. Es wurde \u00fcber viele Jahrhunderte hinweg zum wichtigsten Getreide der Armen. F\u00fcrs Brotbacken mit Weizen brauchte man hohe Temperaturen und damit viel Brennholz Gerstenbrei war dagegen weit weniger aufwendig herzustellen.<\/p>\n<p>Die geringe Attraktivit\u00e4t der Gerste f\u00fcr die Backstube stellt im Nachhinein einen Vorteil dar. Neuz\u00fcchtungen wurden in erster Linie f\u00fcr die Malzproduktion entwickelt. Speisegerste mit ihrem deutlich geringeren Marktanteil wurde deutlich weniger auf Massenproduktion gez\u00fcchtet.\u00a0 Anders als bei \u00c4pfeln und Weizen &#8211; mit dem Ergebnis, dass es immer sch\u00f6nere und ertragreiche Sorten gibt, die Vertr\u00e4glichkeit aber gelitten hat. Gut vertr\u00e4gliche alte Sorten sind begehrt, aber auch schwerer zu finden und meist auch teuer (Eine gute, h\u00e4ufig aktualisierte <strong>Liste der Apfelsorten<\/strong> mit ihrem &#8222;Vertr\u00e4glichkeitsindex&#8220; ver\u00f6ffentlicht der <strong>BUND Lemgo<\/strong> auf seiner Webseite.)<br \/>\nDie gut vertr\u00e4gliche Gerste dagegen ist preiswert geblieben.<\/p>\n<p><strong>Gerste tut nicht nur dem Magen gut!<\/strong><\/p>\n<p>Sie enth\u00e4lt reichlich l\u00f6sliche Ballaststoffe, wie die Beta-Glucane. F\u00fcr diese findet man in der Literatur eine breite Palette erw\u00fcnschter Eigenschaften. Sie f\u00f6rdern die Immunabwehr, helfen einer Magenschleimhautentz\u00fcndung vorzubeugen, senken den Cholesterinspiegel \u2026\u2026 Eigentlich wird die Gerste damit zum Superfood, aber wenn man sich umschaut, findet Gerste in Rezepten, Zeitungsartikeln und Magazinen quasi nicht statt. Die Gelegenheit f\u00fcr Sie, Neuland zu betreten. Sie k\u00f6nnen die Wirkung ganz in Ruhe f\u00fcr sich testen, unbeirrt von falschen Erwartungen und Versprechungen.<\/p>\n<p><strong>Gerste s\u00e4ttigt und entw\u00e4ssert.<\/strong><\/p>\n<p>Au\u00dfer den Beta-Glucanen enth\u00e4lt die Gerste noch weitere Ballaststoffe. Durch sie wird im Magen und Darm viel Wasser gebunden, es entsteht ein gro\u00dfes Volumen, das dem K\u00f6rper signalisiert: \u201eIch bin satt!\u201c<br \/>\nSchwedische Wissenschaftler haben noch eine andere Besonderheit der Gerste entdeckt. Der Ballaststoffmix der Gerste hilft den Blutzuckerspiegel zu regulieren.<\/p>\n<p>Es lohnt sich auf jeden Fall, Gerste in Ihren Speiseplan aufzunehmen und zum Beispiel mit \u201e<a href=\"https:\/\/monters.liebau.org\/?page_id=556\">Perlgraupenrisotto<\/a>\u201c oder &#8222;<a href=\"https:\/\/monters.liebau.org\/?page_id=558\">Mittagsm\u00fcsli mit Gerstenflocken<\/a>&#8220;\u00a0neue Rezeptideen auszuprobieren. Versuchen Sie es!<\/p>\n","protected":false},"excerpt":{"rendered":"<p>Gerste \u2013verkanntes Getreide aus der Region Obwohl Deutschland an der Spitze der Gersteproduzenten steht, ist die Gerste auf unseren Tellern nur selten zu finden. Der gr\u00f6\u00dfte Teil der Ernte wird in Form von fl\u00fcssiger Nahrung, als Bier oder gar als Viehfutter verwendet. Gerste hat im Vergleich zu Weizen schlechtere Backeigenschaften und ist daher in B\u00e4ckereien &#8230; <a title=\"November\" class=\"read-more\" href=\"https:\/\/monters.liebau.org\/?page_id=554\" aria-label=\"Mehr Informationen \u00fcber November\">Weiterlesen<\/a><\/p>\n","protected":false},"author":1,"featured_media":0,"parent":905,"menu_order":11,"comment_status":"closed","ping_status":"closed","template":"","meta":{"footnotes":""},"class_list":["post-554","page","type-page","status-publish"],"_links":{"self":[{"href":"https:\/\/monters.liebau.org\/index.php?rest_route=\/wp\/v2\/pages\/554","targetHints":{"allow":["GET"]}}],"collection":[{"href":"https:\/\/monters.liebau.org\/index.php?rest_route=\/wp\/v2\/pages"}],"about":[{"href":"https:\/\/monters.liebau.org\/index.php?rest_route=\/wp\/v2\/types\/page"}],"author":[{"embeddable":true,"href":"https:\/\/monters.liebau.org\/index.php?rest_route=\/wp\/v2\/users\/1"}],"replies":[{"embeddable":true,"href":"https:\/\/monters.liebau.org\/index.php?rest_route=%2Fwp%2Fv2%2Fcomments&post=554"}],"version-history":[{"count":24,"href":"https:\/\/monters.liebau.org\/index.php?rest_route=\/wp\/v2\/pages\/554\/revisions"}],"predecessor-version":[{"id":1224,"href":"https:\/\/monters.liebau.org\/index.php?rest_route=\/wp\/v2\/pages\/554\/revisions\/1224"}],"up":[{"embeddable":true,"href":"https:\/\/monters.liebau.org\/index.php?rest_route=\/wp\/v2\/pages\/905"}],"wp:attachment":[{"href":"https:\/\/monters.liebau.org\/index.php?rest_route=%2Fwp%2Fv2%2Fmedia&parent=554"}],"curies":[{"name":"wp","href":"https:\/\/api.w.org\/{rel}","templated":true}]}}