{"id":519,"date":"2016-10-16T19:39:09","date_gmt":"2016-10-16T17:39:09","guid":{"rendered":"http:\/\/monters.de\/?page_id=519"},"modified":"2024-01-10T16:53:37","modified_gmt":"2024-01-10T15:53:37","slug":"durch-das-jahr-oktober","status":"publish","type":"page","link":"https:\/\/monters.liebau.org\/?page_id=519","title":{"rendered":"Oktober"},"content":{"rendered":"<h1><img loading=\"lazy\" decoding=\"async\" class=\"aligncenter wp-image-516 size-medium\" src=\"http:\/\/monters.liebau.org\/wp-content\/uploads\/2016\/09\/10_Oktober-Logo-300x154.png\" alt=\"10_oktober-logo\" width=\"300\" height=\"154\" srcset=\"https:\/\/monters.liebau.org\/wp-content\/uploads\/2016\/09\/10_Oktober-Logo-300x154.png 300w, https:\/\/monters.liebau.org\/wp-content\/uploads\/2016\/09\/10_Oktober-Logo-768x393.png 768w, https:\/\/monters.liebau.org\/wp-content\/uploads\/2016\/09\/10_Oktober-Logo-1024x524.png 1024w, https:\/\/monters.liebau.org\/wp-content\/uploads\/2016\/09\/10_Oktober-Logo.png 1444w\" sizes=\"auto, (max-width: 300px) 100vw, 300px\" \/><img loading=\"lazy\" decoding=\"async\" class=\"alignright size-medium wp-image-517\" src=\"http:\/\/monters.liebau.org\/wp-content\/uploads\/2016\/09\/10_Oktober-Titel-300x200.jpg\" alt=\"\" width=\"300\" height=\"200\" srcset=\"https:\/\/monters.liebau.org\/wp-content\/uploads\/2016\/09\/10_Oktober-Titel-300x200.jpg 300w, https:\/\/monters.liebau.org\/wp-content\/uploads\/2016\/09\/10_Oktober-Titel-768x512.jpg 768w, https:\/\/monters.liebau.org\/wp-content\/uploads\/2016\/09\/10_Oktober-Titel-1024x682.jpg 1024w, https:\/\/monters.liebau.org\/wp-content\/uploads\/2016\/09\/10_Oktober-Titel.jpg 1385w\" sizes=\"auto, (max-width: 300px) 100vw, 300px\" \/>Linsen \u2013H\u00fclsenfrucht mit Geschichte<\/h1>\n<p>Die Linse hat eine lange Geschichte. Schon in der Bibel opfert Esau sein Recht als Erstgeborener einem Linsengericht. Auch im M\u00e4rchen taucht die Linse auf. Es waren Linsen, die das arme Aschenputtel vor dem Kamin sortieren musste.<\/p>\n<p><strong>Linsen bilden auf der ganzen Welt und das seit Generationen einen wertvollen Baustein der Ern\u00e4hrung.<\/strong><\/p>\n<p>Sie gedeihen selbst auf ausgesprochen kargen B\u00f6den. Als Zwischenfrucht sorgen sie f\u00fcr eine Stickstoffanreicherung im Boden. <span style=\"display: inline !important; float: none; background-color: #ffffff; color: #333333; cursor: text; font-family: Georgia,'Times New Roman','Bitstream Charter',Times,serif; font-size: 16px; font-style: normal; font-variant: normal; font-weight: 400; letter-spacing: normal; orphans: 2; text-align: left; text-decoration: none; text-indent: 0px; text-transform: none; -webkit-text-stroke-width: 0px; white-space: normal; word-spacing: 0px;\">Als Zwischenfrucht sorgen sie f\u00fcr eine Stickstoffanreicherung im Boden. Im Gegensatz zu vielen anderen Pflanzen laugen sie die B\u00f6den nicht aus\u00a0 und erlauben damit eine nachhaltige Bewirtschaftung.<\/span><\/p>\n<p>Warum sind sie bei uns dann so aus der Mode gekommen? Zum einen galt sie als \u201eArme Leute Essen\u201c und wer es sich leisten konnte, zeigte seinen Status, in dem er was anderes auf den Tisch brachte. Zum anderen ist die Ernte und Reinigung der Linsen seit jeher extrem arbeitsintensiv.<\/p>\n<p>Mit der Neuentdeckung der Linsen bei uns auch durch die internationale (beispielsweise indische K\u00fcche) steigen Nachfrage und Preise. Der Anbau lohnt sich wieder.<\/p>\n<p>Die Renaissance alter, regionaler Sorten, wie der Alblinse,\u00a0l\u00e4sst auf unseren M\u00e4rkten eine bunte Sortenvielfalt entstehen. Rote, gelbe, Puy-, Beluga- wie auch die altbew\u00e4hrten Tellerlinsen sind \u00fcberall zu bekommen. Bunte Sorten aus aller Welt lassen sich zu Rezepten kombinieren, die neue geschmackliche und optische Erlebnisse vermitteln. Wenn das \u201eBauchgrummeln\u201c nach dem Genuss von Linsen bisher abgeschreckt hat, lohnt es sich, mal die roten oder gelben Sorten zu probieren, sie liegen weniger schwer im Bauch.<\/p>\n<p><strong>Generell werden p\u00fcrierte oder sehr weich gekochte Linsen besser vertragen.<\/strong><\/p>\n<p>Linsen haben einen hohen Ballaststoffgehalt, der f\u00fcr den Darmgesunden sehr geeignet ist. <em>Darmempfindlichen<\/em> setzen diese vielen Ballaststoffe allerdings zu. Wer viele Ballaststoffe nicht gew\u00f6hnt ist, sollte auf die besser bek\u00f6mmlichen Sorten und Zubereitungsformen ausweichen, beispielsweise auf eine Suppe mit roten Linsen. <em>Gichtkranke<\/em> sollten mit Linsen vorsichtig sein, sie enthalten leider viel <em>Purin<\/em>.<br \/>\nWas macht jetzt aber die Linsen f\u00fcr alle anderen so wertvoll?<\/p>\n<p><strong>Sie sind vollgepackt mit Vitaminen und Mineralstoffen und enthalten besonders viel und hochwertiges Eiwei\u00df.<\/strong><\/p>\n<p>F\u00fcr den menschlichen K\u00f6rper ist es nicht nur der Gesamtgehalt an Eiwei\u00df entscheidend, sondern auch dessen Zusammensetzung. Wie Eiwei\u00dfe aufgewertet und erg\u00e4nzt werden k\u00f6nnen, ist unter <a href=\"http:\/\/www.zeit-fuer-ernaehrung.de\/blickpunkt\/72\" target=\"_blank\" rel=\"noopener noreferrer\">www.zeit-fuer-ernaehrung.de <\/a>sehr anschaulich dargestellt. Dort ist auch nachzulesen, warum Linsen und Weizen eine wunderbare Kombination sind. Es ist immer wieder faszinierend, wie traditionelle Zubereitungsformen sich bei n\u00e4herer, moderner wissenschaftlicher Betrachtung als sinnvoll herausstellen. Im Schw\u00e4bischen sind es die Linsen mit Sp\u00e4tzle (s.a. das\u00a0<a href=\"https:\/\/monters.liebau.org\/?page_id=521\">Oktoberrezept<\/a>) und im Indischen ist es Dhal mit Reis oder Fladenbrot. Bei allem Wissen bleiben Tradition und Gesp\u00fcr f\u00fcrs gute Essen ein wichtiger Wegweiser f\u00fcr eine sinnvolle Ern\u00e4hrung.<\/p>\n<h2>Rezepte im Oktober<\/h2>\n<p><a href=\"https:\/\/monters.liebau.org\/?page_id=521\">Linsen und Sp\u00e4tzle<\/a><\/p>\n<p><a href=\"https:\/\/monters.liebau.org\/?page_id=523\">Mangoldquiche<\/a><\/p>\n","protected":false},"excerpt":{"rendered":"<p>Linsen \u2013H\u00fclsenfrucht mit Geschichte Die Linse hat eine lange Geschichte. Schon in der Bibel opfert Esau sein Recht als Erstgeborener einem Linsengericht. Auch im M\u00e4rchen taucht die Linse auf. Es waren Linsen, die das arme Aschenputtel vor dem Kamin sortieren musste. Linsen bilden auf der ganzen Welt und das seit Generationen einen wertvollen Baustein der &#8230; <a title=\"Oktober\" class=\"read-more\" href=\"https:\/\/monters.liebau.org\/?page_id=519\" aria-label=\"Mehr Informationen \u00fcber Oktober\">Weiterlesen<\/a><\/p>\n","protected":false},"author":1,"featured_media":0,"parent":905,"menu_order":10,"comment_status":"closed","ping_status":"closed","template":"","meta":{"footnotes":""},"class_list":["post-519","page","type-page","status-publish"],"_links":{"self":[{"href":"https:\/\/monters.liebau.org\/index.php?rest_route=\/wp\/v2\/pages\/519","targetHints":{"allow":["GET"]}}],"collection":[{"href":"https:\/\/monters.liebau.org\/index.php?rest_route=\/wp\/v2\/pages"}],"about":[{"href":"https:\/\/monters.liebau.org\/index.php?rest_route=\/wp\/v2\/types\/page"}],"author":[{"embeddable":true,"href":"https:\/\/monters.liebau.org\/index.php?rest_route=\/wp\/v2\/users\/1"}],"replies":[{"embeddable":true,"href":"https:\/\/monters.liebau.org\/index.php?rest_route=%2Fwp%2Fv2%2Fcomments&post=519"}],"version-history":[{"count":17,"href":"https:\/\/monters.liebau.org\/index.php?rest_route=\/wp\/v2\/pages\/519\/revisions"}],"predecessor-version":[{"id":942,"href":"https:\/\/monters.liebau.org\/index.php?rest_route=\/wp\/v2\/pages\/519\/revisions\/942"}],"up":[{"embeddable":true,"href":"https:\/\/monters.liebau.org\/index.php?rest_route=\/wp\/v2\/pages\/905"}],"wp:attachment":[{"href":"https:\/\/monters.liebau.org\/index.php?rest_route=%2Fwp%2Fv2%2Fmedia&parent=519"}],"curies":[{"name":"wp","href":"https:\/\/api.w.org\/{rel}","templated":true}]}}