{"id":464,"date":"2016-08-08T21:19:46","date_gmt":"2016-08-08T19:19:46","guid":{"rendered":"http:\/\/monters.de\/?page_id=464"},"modified":"2023-08-03T19:53:45","modified_gmt":"2023-08-03T17:53:45","slug":"pasta-mit-tomatensosse","status":"publish","type":"page","link":"https:\/\/monters.liebau.org\/?page_id=464","title":{"rendered":"Pasta mit Tomatenso\u00dfe"},"content":{"rendered":"<h2><img loading=\"lazy\" decoding=\"async\" class=\"alignright size-medium wp-image-446\" src=\"http:\/\/monters.liebau.org\/wp-content\/uploads\/2016\/08\/08_Pasta-mit-Tomatenso\u00dfe-300x191.jpg\" alt=\"08_Pasta mit Tomatenso\u00dfe\" width=\"300\" height=\"191\" srcset=\"https:\/\/monters.liebau.org\/wp-content\/uploads\/2016\/08\/08_Pasta-mit-Tomatenso\u00dfe-300x191.jpg 300w, https:\/\/monters.liebau.org\/wp-content\/uploads\/2016\/08\/08_Pasta-mit-Tomatenso\u00dfe-768x489.jpg 768w, https:\/\/monters.liebau.org\/wp-content\/uploads\/2016\/08\/08_Pasta-mit-Tomatenso\u00dfe.jpg 839w\" sizes=\"auto, (max-width: 300px) 100vw, 300px\" \/>Zutaten f\u00fcr 4 Personen<\/h2>\n<p>1500 g Tomaten<br \/>\n2 Zwiebeln<br \/>\n1 gro\u00dfe Knoblauchzehe<br \/>\n2 EL Oliven\u00f6l<br \/>\nSalz, Pfeffer<br \/>\n1 Prise Chilipulver<br \/>\n6 Zweige frisches Basilikum<br \/>\n6 Zweige Thymian<br \/>\n320 g Pasta nach Wahl<\/p>\n<h2>Zutaten<\/h2>\n<ul>\n<li>Tomaten waschen, mit kochendem Wasser \u00fcbergie\u00dfen und kurz darin liegen lassen.<\/li>\n<li>Zwiebeln und Knoblauchzehe in feine W\u00fcrfel schneiden. Im \u00d6l glasig d\u00fcnsten.<\/li>\n<li>Wasser von den Tomaten abgie\u00dfen, Tomaten halbieren, die gr\u00fcnen Stielans\u00e4tze entfernen, Schale abziehen und in grobe St\u00fccke schneiden. Tomaten zu den Zwiebeln geben, Gew\u00fcrze, Thymianbl\u00e4ttchen und grob gehackte Basilikumbl\u00e4tter hinzuf\u00fcgen und unter gelegentlichem R\u00fchren 30 Minuten im offenen Topf k\u00f6cheln lassen.<\/li>\n<li>In der Zwischenzeit Pasta nach Vorschrift zubereiten. Vor dem Servieren Pasta und Tomatenso\u00dfe miteinander vermischen.<\/li>\n<\/ul>\n<h2>Tipp<\/h2>\n<p><em>Als Pasta eignen sich d\u00fcnne Varianten, wie Capellini ober Spaghetti am besten, sie nehmen die aromatische So\u00dfe besonders gut auf.<\/em><\/p>\n<h3>Dieses Rezept enth\u00e4lt pro Person:<\/h3>\n<p>395 kcal<br \/>\n14 g Eiwei\u00df<br \/>\n7 g Fett<br \/>\n67 g Kohlenhydrate<br \/>\n9 g Ballaststoffe<\/p>\n","protected":false},"excerpt":{"rendered":"<p>Zutaten f\u00fcr 4 Personen 1500 g Tomaten 2 Zwiebeln 1 gro\u00dfe Knoblauchzehe 2 EL Oliven\u00f6l Salz, Pfeffer 1 Prise Chilipulver 6 Zweige frisches Basilikum 6 Zweige Thymian 320 g Pasta nach Wahl Zutaten Tomaten waschen, mit kochendem Wasser \u00fcbergie\u00dfen und kurz darin liegen lassen. Zwiebeln und Knoblauchzehe in feine W\u00fcrfel schneiden. Im \u00d6l glasig d\u00fcnsten. &#8230; <a title=\"Pasta mit Tomatenso\u00dfe\" class=\"read-more\" href=\"https:\/\/monters.liebau.org\/?page_id=464\" aria-label=\"Mehr Informationen \u00fcber Pasta mit Tomatenso\u00dfe\">Weiterlesen<\/a><\/p>\n","protected":false},"author":1,"featured_media":0,"parent":441,"menu_order":1,"comment_status":"closed","ping_status":"closed","template":"","meta":{"footnotes":""},"class_list":["post-464","page","type-page","status-publish"],"_links":{"self":[{"href":"https:\/\/monters.liebau.org\/index.php?rest_route=\/wp\/v2\/pages\/464","targetHints":{"allow":["GET"]}}],"collection":[{"href":"https:\/\/monters.liebau.org\/index.php?rest_route=\/wp\/v2\/pages"}],"about":[{"href":"https:\/\/monters.liebau.org\/index.php?rest_route=\/wp\/v2\/types\/page"}],"author":[{"embeddable":true,"href":"https:\/\/monters.liebau.org\/index.php?rest_route=\/wp\/v2\/users\/1"}],"replies":[{"embeddable":true,"href":"https:\/\/monters.liebau.org\/index.php?rest_route=%2Fwp%2Fv2%2Fcomments&post=464"}],"version-history":[{"count":3,"href":"https:\/\/monters.liebau.org\/index.php?rest_route=\/wp\/v2\/pages\/464\/revisions"}],"predecessor-version":[{"id":467,"href":"https:\/\/monters.liebau.org\/index.php?rest_route=\/wp\/v2\/pages\/464\/revisions\/467"}],"up":[{"embeddable":true,"href":"https:\/\/monters.liebau.org\/index.php?rest_route=\/wp\/v2\/pages\/441"}],"wp:attachment":[{"href":"https:\/\/monters.liebau.org\/index.php?rest_route=%2Fwp%2Fv2%2Fmedia&parent=464"}],"curies":[{"name":"wp","href":"https:\/\/api.w.org\/{rel}","templated":true}]}}