{"id":441,"date":"2016-08-08T20:58:36","date_gmt":"2016-08-08T18:58:36","guid":{"rendered":"http:\/\/monters.de\/?page_id=441"},"modified":"2024-01-10T16:37:29","modified_gmt":"2024-01-10T15:37:29","slug":"durch-das-jahr-august","status":"publish","type":"page","link":"https:\/\/monters.liebau.org\/?page_id=441","title":{"rendered":"August"},"content":{"rendered":"<p><img loading=\"lazy\" decoding=\"async\" class=\"alignleft wp-image-442\" src=\"http:\/\/monters.liebau.org\/wp-content\/uploads\/2016\/08\/08_August-Logo-300x129.png\" alt=\"08_August Logo\" width=\"380\" height=\"163\" srcset=\"https:\/\/monters.liebau.org\/wp-content\/uploads\/2016\/08\/08_August-Logo-300x129.png 300w, https:\/\/monters.liebau.org\/wp-content\/uploads\/2016\/08\/08_August-Logo-768x331.png 768w, https:\/\/monters.liebau.org\/wp-content\/uploads\/2016\/08\/08_August-Logo-1024x441.png 1024w, https:\/\/monters.liebau.org\/wp-content\/uploads\/2016\/08\/08_August-Logo.png 1394w\" sizes=\"auto, (max-width: 380px) 100vw, 380px\" \/><\/p>\n<h2>Tomate \u2013 die Vielf\u00e4ltige<img loading=\"lazy\" decoding=\"async\" class=\"alignright size-medium wp-image-444\" src=\"http:\/\/monters.liebau.org\/wp-content\/uploads\/2016\/08\/08_August_Tomate-198x300.jpg\" alt=\"08_August_Tomate\" width=\"198\" height=\"300\" srcset=\"https:\/\/monters.liebau.org\/wp-content\/uploads\/2016\/08\/08_August_Tomate-198x300.jpg 198w, https:\/\/monters.liebau.org\/wp-content\/uploads\/2016\/08\/08_August_Tomate.jpg 428w\" sizes=\"auto, (max-width: 198px) 100vw, 198px\" \/><\/h2>\n<p>Jetzt im Sommer stecken Tomaten voller Aroma. Es macht Spa\u00df die ganze&nbsp;Vielfalt von Zubereitungsvarianten auszunutzen, die diese Frucht bietet. Roh verarbeitet, mit und ohne Schale oder passiert, es&nbsp;entstehen immer wieder andere Geschmackserlebnisse. Hinzu kommt die Auswahl unter vielen Sorten. Eier-, Kirsch-, Ochsen- oder Fleischtomaten. Es gibt sie in rot, gelb und gr\u00fcn. Selbst auf kleiner (Balkon)fl\u00e4che lassen sich auch exotischere Sorten, wie Johannisbeer- oder Wildtomaten selbst anbauen.<\/p>\n<p><strong>Sonnengereifte Tomaten sind aromatischer und haben mehr Vitamin C, daher ist von Juli bis September die richtige Zeit f\u00fcr Rezepte mit frischen Tomaten.<\/strong><\/p>\n<p>Neben den Vitaminen liefert die Tomate einen anderen besonders wertvollen Inhaltsstoff &#8211; das Lycopin. F\u00fcr dieses Antioxidans konnte eine positive Wirkung bei einer Vielzahl von Erkrankungen nachgewiesen worden. Lycopin ist ebenfalls besonders reichlich in ausgereiften Tomaten enthalten. Allerdings enthalten nur rote Sorten diesen wertvollen Inhaltsstoff. Neue, gr\u00fcne Z\u00fcchtungen sind nette Farbtupfer, haben aber einen Teil der inneren Werte eingeb\u00fc\u00dft.<\/p>\n<p><strong>Das Lycopin in der roten Tomate ist hitzestabil, damit werden auch Konserven zu wertvollen Quellen. Au\u00dferhalb des Sommers sind sie preiswerte, gesunde Alternativen.<\/strong><\/p>\n<p>Reife, lycopinreiche Freilandtomaten sind das Ausgangsmaterial f\u00fcr Konserven, Tomatenmark, P\u00fcree und sogar Ketchup. Durch die industrielle Verarbeitung werden die Zellen der Tomaten aufgeschlossen, das Lycopin herausgel\u00f6st und damit f\u00fcr unsere K\u00f6rper besser verwertbar. Tomatenmark und Spaghettiso\u00dfe enthalten sogar mehr Lycopin als erntefrische Fr\u00fcchte.<\/p>\n<p><strong>Um sich gesund zu ern\u00e4hren, sollte es auf ihrem Teller bunt aussehen.<\/strong><\/p>\n<p>Au\u00dferhalb des Sommers sind Tomatenkonserven preiswerte und wertvolle Alternativen zur Gew\u00e4chshausware, um dieses Grundprinzip umzusetzen. Sie sind auch wesentlich besser als isoliertes Lycopin. Untersuchungen haben gezeigt, dass Lycopin nur im Zusammenspiel mit den anderen Inhaltsstoffen der Tomate optimale Wirkung entfaltet. Also solange wirklich Tomate drin ist, ist es optimal.<\/p>\n<p><strong>Tomaten nicht im K\u00fchlschrank lagern.<\/strong><\/p>\n<p>Tomaten aus dem K\u00fchlschrank sind zwar noch genie\u00dfbar, schmecken aber lange nicht mehr so gut. Sie verlieren an Festigkeit und Aroma. Bei Zimmertemperatur k\u00f6nnen Sie ohnehin problemlos ein bis zwei Wochen gelagert werden.<\/p>\n<p>&nbsp;<\/p>\n<p><strong>Rezepte im August<\/strong><\/p>\n<ul>\n<li><a href=\"https:\/\/monters.liebau.org\/?page_id=459\">Halbklare Tomatensuppe<\/a><\/li>\n<li><a href=\"https:\/\/monters.liebau.org\/?page_id=464\">Pasta mit Tomatenso\u00dfe<\/a><\/li>\n<li><a href=\"https:\/\/monters.liebau.org\/?page_id=468\">Sommerlicher Tomatenteller<\/a><\/li>\n<\/ul>\n","protected":false},"excerpt":{"rendered":"<p>Tomate \u2013 die Vielf\u00e4ltige Jetzt im Sommer stecken Tomaten voller Aroma. Es macht Spa\u00df die ganze&nbsp;Vielfalt von Zubereitungsvarianten auszunutzen, die diese Frucht bietet. Roh verarbeitet, mit und ohne Schale oder passiert, es&nbsp;entstehen immer wieder andere Geschmackserlebnisse. Hinzu kommt die Auswahl unter vielen Sorten. Eier-, Kirsch-, Ochsen- oder Fleischtomaten. Es gibt sie in rot, gelb und &#8230; <a title=\"August\" class=\"read-more\" href=\"https:\/\/monters.liebau.org\/?page_id=441\" aria-label=\"Mehr Informationen \u00fcber August\">Weiterlesen<\/a><\/p>\n","protected":false},"author":1,"featured_media":0,"parent":905,"menu_order":8,"comment_status":"closed","ping_status":"closed","template":"","meta":{"footnotes":""},"class_list":["post-441","page","type-page","status-publish"],"_links":{"self":[{"href":"https:\/\/monters.liebau.org\/index.php?rest_route=\/wp\/v2\/pages\/441","targetHints":{"allow":["GET"]}}],"collection":[{"href":"https:\/\/monters.liebau.org\/index.php?rest_route=\/wp\/v2\/pages"}],"about":[{"href":"https:\/\/monters.liebau.org\/index.php?rest_route=\/wp\/v2\/types\/page"}],"author":[{"embeddable":true,"href":"https:\/\/monters.liebau.org\/index.php?rest_route=\/wp\/v2\/users\/1"}],"replies":[{"embeddable":true,"href":"https:\/\/monters.liebau.org\/index.php?rest_route=%2Fwp%2Fv2%2Fcomments&post=441"}],"version-history":[{"count":20,"href":"https:\/\/monters.liebau.org\/index.php?rest_route=\/wp\/v2\/pages\/441\/revisions"}],"predecessor-version":[{"id":1207,"href":"https:\/\/monters.liebau.org\/index.php?rest_route=\/wp\/v2\/pages\/441\/revisions\/1207"}],"up":[{"embeddable":true,"href":"https:\/\/monters.liebau.org\/index.php?rest_route=\/wp\/v2\/pages\/905"}],"wp:attachment":[{"href":"https:\/\/monters.liebau.org\/index.php?rest_route=%2Fwp%2Fv2%2Fmedia&parent=441"}],"curies":[{"name":"wp","href":"https:\/\/api.w.org\/{rel}","templated":true}]}}