{"id":391,"date":"2016-07-03T20:38:07","date_gmt":"2016-07-03T18:38:07","guid":{"rendered":"http:\/\/monters.de\/?page_id=391"},"modified":"2024-01-10T16:37:49","modified_gmt":"2024-01-10T15:37:49","slug":"durch-das-jahr-juli","status":"publish","type":"page","link":"https:\/\/monters.liebau.org\/?page_id=391","title":{"rendered":"Juli"},"content":{"rendered":"<h2><img loading=\"lazy\" decoding=\"async\" class=\"alignright wp-image-647\" src=\"http:\/\/monters.liebau.org\/wp-content\/uploads\/2016\/07\/07_Beerenfr\u00fcchte-300x200.jpg\" alt=\"\" width=\"280\" height=\"187\" srcset=\"https:\/\/monters.liebau.org\/wp-content\/uploads\/2016\/07\/07_Beerenfr\u00fcchte-300x200.jpg 300w, https:\/\/monters.liebau.org\/wp-content\/uploads\/2016\/07\/07_Beerenfr\u00fcchte-768x512.jpg 768w, https:\/\/monters.liebau.org\/wp-content\/uploads\/2016\/07\/07_Beerenfr\u00fcchte.jpg 864w\" sizes=\"auto, (max-width: 280px) 100vw, 280px\" \/><img loading=\"lazy\" decoding=\"async\" class=\"alignleft wp-image-395\" src=\"http:\/\/monters.liebau.org\/wp-content\/uploads\/2016\/07\/07-Juli-Logo-300x292.png\" alt=\"07-Juli Logo\" width=\"219\" height=\"213\" srcset=\"https:\/\/monters.liebau.org\/wp-content\/uploads\/2016\/07\/07-Juli-Logo-300x292.png 300w, https:\/\/monters.liebau.org\/wp-content\/uploads\/2016\/07\/07-Juli-Logo.png 681w\" sizes=\"auto, (max-width: 219px) 100vw, 219px\" \/><\/h2>\n<h2>Hochsaison f\u00fcr Beerenfr\u00fcchte<\/h2>\n<p>Empfehlungen f\u00fcr ein gesundes Leben lassen sich auf ein paar wenige Grunds\u00e4tze reduzieren. Neben Bewegung, t\u00e4glich 20 Minuten Sonnenlicht, gutem Schlaf und einer Lebensaufgabe gibt es noch eine sehr einfache Ern\u00e4hrungsregel:<\/p>\n<p><strong>W\u00e4hle Nahrung, die beim Essen aussieht, wie sie aus des Boden kommt.<\/strong><\/p>\n<p>Bei keiner anderen Lebensmittelgruppe l\u00e4sst sich dies so einfach umsetzen wie beim Beerenobst. Gegartes Gem\u00fcse ist besser verdaulich als rohes, manches wird sogar durchs Erhitzen erst genie\u00dfbar. Beim Kernobst muss der Stein entfernt werden. Daf\u00fcr hat Gem\u00fcse den gro\u00dfen Vorteil, das ganze Jahr \u00fcber frisch zur Verf\u00fcgung zu stehen. Ein Grund mehr, jetzt die Beerensaison zu nutzen.<\/p>\n<p><strong>Kein anderes Obst steht so sehr f\u00fcr den regionalen Anbau wie Beerenfr\u00fcchte.<\/strong><\/p>\n<p>Frische Beerenfr\u00fcchte sind sehr empfindlich, sie k\u00f6nnen nicht lange gelagert werden und lange Transportwege sind daher aufw\u00e4ndig. Jetzt im Juli kann man aus dem Vollen sch\u00f6pfen: damit ist eine weitere einfache Regel leicht umzusetzen:<\/p>\n<p><strong>Auf dem Teller soll es bunt aussehen.<\/strong><\/p>\n<p>Erd- und Heidelbeeren sind schon fr\u00fcher im Handel. Jetzt im Juli kommen Himbeeren, Johannisbeeren, Stachelbeeren und sp\u00e4t im Juli auch die Brombeeren hinzu. Sie alle brauchen den Vergleich mit sogenannten \u201eSuperfruits\u201c nicht zu scheuen. F\u00fcr alle wurde antioxidative und krebsvorbeugende Wirkung nachgewiesen. Die volle Wirkstoffvielfalt ist nur in der ganzen Frucht enthalten, ob diese unzerkleinert, p\u00fcriert oder zerstampft serviert wird, ist dabei nicht entscheidend. Sogar in Fruchts\u00e4ften, die schon etwas der vollen Wirksamkeit der Frucht eingeb\u00fc\u00dft haben, werden antioxidative Kapazit\u00e4ten erreicht, die im Bereich von Rotwein liegen \u2013 ohne Alkohol zu enthalten.<\/p>\n<p>In der unteren Tabelle sind diese Wirkstoffe nicht aufgef\u00fchrt, sie kommen zu den wertvollen Vitaminen und Spurenelementen noch hinzu. Jede Beerenfrucht sticht bei einem Merkmal heraus, zusammen ergibt sich das rundum Gesundheitspaket. Dabei muss nicht jedes Mal die ganze Mischung auf den Teller. Die Vielfalt an Beerenobst bietet die M\u00f6glichkeit, jeden Tag der Woche mit einer anderen Frucht zu w\u00fcrzen. Die Zubereitung braucht nicht viel Zeit und keine zeitintensive Zubereitung. Ein paar leckere Himbeeren sind schnell auf den Tisch gestellt. Oder Brombeeren schnell in den Naturjogurt ger\u00fchrt<img loading=\"lazy\" decoding=\"async\" class=\"aligncenter wp-image-394 size-large\" src=\"http:\/\/monters.liebau.org\/wp-content\/uploads\/2016\/07\/07_Juli-Titeltabelle-1024x540.jpg\" alt=\"07_Juli Titeltabelle\" width=\"540\" height=\"285\" srcset=\"https:\/\/monters.liebau.org\/wp-content\/uploads\/2016\/07\/07_Juli-Titeltabelle-1024x540.jpg 1024w, https:\/\/monters.liebau.org\/wp-content\/uploads\/2016\/07\/07_Juli-Titeltabelle-300x158.jpg 300w, https:\/\/monters.liebau.org\/wp-content\/uploads\/2016\/07\/07_Juli-Titeltabelle-768x405.jpg 768w, https:\/\/monters.liebau.org\/wp-content\/uploads\/2016\/07\/07_Juli-Titeltabelle.jpg 1360w\" sizes=\"auto, (max-width: 540px) 100vw, 540px\" \/>Rezepte zum Juli<\/p>\n<ul>\n<li><a href=\"http:\/\/monters.de\/?page_id=409\">Mutschelmehl-Johannisbeerauflauf<\/a><\/li>\n<li><a href=\"http:\/\/monters.de\/?page_id=412\">Stachelbeerbiskuit<\/a><\/li>\n<\/ul>\n","protected":false},"excerpt":{"rendered":"<p>Hochsaison f\u00fcr Beerenfr\u00fcchte Empfehlungen f\u00fcr ein gesundes Leben lassen sich auf ein paar wenige Grunds\u00e4tze reduzieren. Neben Bewegung, t\u00e4glich 20 Minuten Sonnenlicht, gutem Schlaf und einer Lebensaufgabe gibt es noch eine sehr einfache Ern\u00e4hrungsregel: W\u00e4hle Nahrung, die beim Essen aussieht, wie sie aus des Boden kommt. Bei keiner anderen Lebensmittelgruppe l\u00e4sst sich dies so einfach &#8230; <a title=\"Juli\" class=\"read-more\" href=\"https:\/\/monters.liebau.org\/?page_id=391\" aria-label=\"Mehr Informationen \u00fcber Juli\">Weiterlesen<\/a><\/p>\n","protected":false},"author":1,"featured_media":0,"parent":905,"menu_order":7,"comment_status":"closed","ping_status":"closed","template":"","meta":{"footnotes":""},"class_list":["post-391","page","type-page","status-publish"],"_links":{"self":[{"href":"https:\/\/monters.liebau.org\/index.php?rest_route=\/wp\/v2\/pages\/391","targetHints":{"allow":["GET"]}}],"collection":[{"href":"https:\/\/monters.liebau.org\/index.php?rest_route=\/wp\/v2\/pages"}],"about":[{"href":"https:\/\/monters.liebau.org\/index.php?rest_route=\/wp\/v2\/types\/page"}],"author":[{"embeddable":true,"href":"https:\/\/monters.liebau.org\/index.php?rest_route=\/wp\/v2\/users\/1"}],"replies":[{"embeddable":true,"href":"https:\/\/monters.liebau.org\/index.php?rest_route=%2Fwp%2Fv2%2Fcomments&post=391"}],"version-history":[{"count":22,"href":"https:\/\/monters.liebau.org\/index.php?rest_route=\/wp\/v2\/pages\/391\/revisions"}],"predecessor-version":[{"id":1169,"href":"https:\/\/monters.liebau.org\/index.php?rest_route=\/wp\/v2\/pages\/391\/revisions\/1169"}],"up":[{"embeddable":true,"href":"https:\/\/monters.liebau.org\/index.php?rest_route=\/wp\/v2\/pages\/905"}],"wp:attachment":[{"href":"https:\/\/monters.liebau.org\/index.php?rest_route=%2Fwp%2Fv2%2Fmedia&parent=391"}],"curies":[{"name":"wp","href":"https:\/\/api.w.org\/{rel}","templated":true}]}}