{"id":353,"date":"2016-05-07T11:45:37","date_gmt":"2016-05-07T09:45:37","guid":{"rendered":"http:\/\/monters.de\/?page_id=353"},"modified":"2023-05-09T14:38:38","modified_gmt":"2023-05-09T12:38:38","slug":"erdbeermus-auf-sahnequark","status":"publish","type":"page","link":"https:\/\/monters.liebau.org\/?page_id=353","title":{"rendered":"Erdbeermus auf Sahnequark"},"content":{"rendered":"<h2><img loading=\"lazy\" decoding=\"async\" class=\"alignright size-medium wp-image-345\" src=\"http:\/\/monters.liebau.org\/wp-content\/uploads\/2016\/05\/05_Mai_Erdbeermus-auf-Sahnequark-300x200.jpg\" alt=\"05_Mai_Erdbeermus auf Sahnequark\" width=\"300\" height=\"200\" srcset=\"https:\/\/monters.liebau.org\/wp-content\/uploads\/2016\/05\/05_Mai_Erdbeermus-auf-Sahnequark-300x200.jpg 300w, https:\/\/monters.liebau.org\/wp-content\/uploads\/2016\/05\/05_Mai_Erdbeermus-auf-Sahnequark.jpg 740w\" sizes=\"auto, (max-width: 300px) 100vw, 300px\" \/><br \/>\nZutaten f\u00fcr 6 Personen<\/h2>\n<p>500 g Erdbeeren<br \/>\n125 g Gelierzucker f\u00fcr Fruchtaufstrich<br \/>\n200 g Schlagsahne<br \/>\n400 g cremiger Magerquark<br \/>\n2 EL Zucker<br \/>\n1 Vanilleschote<\/p>\n<ul>\n<li>Die Erdbeeren waschen, putzen und halbieren. Gemeinsam mit dem Gelierzucker mit einem P\u00fcrierstab mixen.<\/li>\n<li>Die Sahne steif schlagen. Die Vanilleschote der L\u00e4nge nach aufschneiden und das Mark auskratzen.<\/li>\n<li>Die Sahne, Vanillemark, Quark und den Zucker gr\u00fcndlich miteinander verr\u00fchren.<\/li>\n<li>Den Sahnequark in 6 Gl\u00e4schen oder Sch\u00e4lchen geben und das Erdbeermus dar\u00fcber verteilen.<\/li>\n<\/ul>\n<h2>Tipp<\/h2>\n<ol>\n<li>Das Erdbeermus k\u00f6nnen Sie gut auf Vorrat herstellen und einige Tage im K\u00fchlschrank aufbewahren<\/li>\n<\/ol>\n<h3>Dieses Rezept enth\u00e4lt pro Person:<\/h3>\n<p>274 kcal<br \/>\n11 g Eiwei\u00df<br \/>\n11 g Fett<br \/>\n32 g Kohlenhydrate<br \/>\n2 g Ballaststoffe<\/p>\n","protected":false},"excerpt":{"rendered":"<p>Zutaten f\u00fcr 6 Personen 500 g Erdbeeren 125 g Gelierzucker f\u00fcr Fruchtaufstrich 200 g Schlagsahne 400 g cremiger Magerquark 2 EL Zucker 1 Vanilleschote Die Erdbeeren waschen, putzen und halbieren. Gemeinsam mit dem Gelierzucker mit einem P\u00fcrierstab mixen. Die Sahne steif schlagen. Die Vanilleschote der L\u00e4nge nach aufschneiden und das Mark auskratzen. Die Sahne, Vanillemark, &#8230; <a title=\"Erdbeermus auf Sahnequark\" class=\"read-more\" href=\"https:\/\/monters.liebau.org\/?page_id=353\" aria-label=\"Mehr Informationen \u00fcber Erdbeermus auf Sahnequark\">Weiterlesen<\/a><\/p>\n","protected":false},"author":1,"featured_media":0,"parent":342,"menu_order":2,"comment_status":"closed","ping_status":"closed","template":"","meta":{"footnotes":""},"class_list":["post-353","page","type-page","status-publish"],"_links":{"self":[{"href":"https:\/\/monters.liebau.org\/index.php?rest_route=\/wp\/v2\/pages\/353","targetHints":{"allow":["GET"]}}],"collection":[{"href":"https:\/\/monters.liebau.org\/index.php?rest_route=\/wp\/v2\/pages"}],"about":[{"href":"https:\/\/monters.liebau.org\/index.php?rest_route=\/wp\/v2\/types\/page"}],"author":[{"embeddable":true,"href":"https:\/\/monters.liebau.org\/index.php?rest_route=\/wp\/v2\/users\/1"}],"replies":[{"embeddable":true,"href":"https:\/\/monters.liebau.org\/index.php?rest_route=%2Fwp%2Fv2%2Fcomments&post=353"}],"version-history":[{"count":1,"href":"https:\/\/monters.liebau.org\/index.php?rest_route=\/wp\/v2\/pages\/353\/revisions"}],"predecessor-version":[{"id":354,"href":"https:\/\/monters.liebau.org\/index.php?rest_route=\/wp\/v2\/pages\/353\/revisions\/354"}],"up":[{"embeddable":true,"href":"https:\/\/monters.liebau.org\/index.php?rest_route=\/wp\/v2\/pages\/342"}],"wp:attachment":[{"href":"https:\/\/monters.liebau.org\/index.php?rest_route=%2Fwp%2Fv2%2Fmedia&parent=353"}],"curies":[{"name":"wp","href":"https:\/\/api.w.org\/{rel}","templated":true}]}}