{"id":342,"date":"2016-05-07T11:19:01","date_gmt":"2016-05-07T09:19:01","guid":{"rendered":"http:\/\/monters.de\/?page_id=342"},"modified":"2024-01-10T16:38:08","modified_gmt":"2024-01-10T15:38:08","slug":"durch-das-jahr-4","status":"publish","type":"page","link":"https:\/\/monters.liebau.org\/?page_id=342","title":{"rendered":"Mai"},"content":{"rendered":"<h2><img loading=\"lazy\" decoding=\"async\" class=\"alignleft wp-image-343 size-thumbnail\" src=\"http:\/\/monters.liebau.org\/wp-content\/uploads\/2016\/05\/05_Mai--e1462612368254-150x150.jpg\" alt=\"05_Mai\" width=\"150\" height=\"150\"\/><img loading=\"lazy\" decoding=\"async\" class=\"alignright size-medium wp-image-344\" src=\"http:\/\/monters.liebau.org\/wp-content\/uploads\/2016\/05\/05_Mai-Titelbild-300x200.jpg\" alt=\"05_Mai Titelbild\" width=\"300\" height=\"200\" srcset=\"https:\/\/monters.liebau.org\/wp-content\/uploads\/2016\/05\/05_Mai-Titelbild-300x200.jpg 300w, https:\/\/monters.liebau.org\/wp-content\/uploads\/2016\/05\/05_Mai-Titelbild-768x512.jpg 768w, https:\/\/monters.liebau.org\/wp-content\/uploads\/2016\/05\/05_Mai-Titelbild-1024x682.jpg 1024w, https:\/\/monters.liebau.org\/wp-content\/uploads\/2016\/05\/05_Mai-Titelbild.jpg 1385w\" sizes=\"auto, (max-width: 300px) 100vw, 300px\" \/><\/h2>\n<p>&nbsp;<\/p>\n<h2>Erdbeeren &#8211; endlich wieder Farbe auf dem Tisch<\/h2>\n<p>Im April kehren mit dem Gr\u00fcn der B\u00e4ume und der einsetzenden Bl\u00fctezeit die Farben wieder in die Natur und unsere Stimmung zur\u00fcck. Im Mai sind es die Erdbeeren, die den Anfang einer ganzen Reihe leuchtend roter Fr\u00fcchte bilden. Jetzt wird der Speiseplan wieder frisch und bunt. Die Betonung liegt auf frisch. Ich habe viele Rezepte ausprobiert, in denen Erdbeeren erhitzt oder aufgetaut verarbeitet werden, aber ich kam immer wieder zu dem Ergebnis:<\/p>\n<h3>Frisch vom Feld haben sie das beste, unvergleichbare Aroma.<\/h3>\n<p>Tiefgek\u00fchlt oder als Marmelade schmecken sie anders, schal und viel weniger fruchtig. Auch die allgegenw\u00e4rtigen, bei der Verarbeitung zugesetzten Erdbeeraromen haben einen anderen Geschmack. Kurzum, unverf\u00e4lschter, frischer Erdbeergeschmack ist nur w\u00e4hrend der Saison zu bekommen. Erdbeeren sind empfindlich. Im K\u00fchlschrank k\u00f6nnen Sie maximal 2 Tage gelagert werden. Sie sollten erst kurz vor der Verwendung gewaschen werden, sonst schimmeln sie schnell. Mit Zucker p\u00fcriert und gut verschlossen, k\u00f6nnen sie im K\u00fchlschrank etwas l\u00e4nger aufbewahrt werden.<\/p>\n<h3>Erdbeeren sind reich an Polyphenolen.<\/h3>\n<p>Lange Zeit war die Bedeutung von Polyphenolen f\u00fcr unsere Gesundheit nicht bekannt. Jetzt sind sie in aller Munde. Sie st\u00e4rken unser Immunsystem und unser Herz-Kreislauf-System. Polyphenole sch\u00fctzen unser Gewebe, indem sie Radikale unsch\u00e4dlich machen und Entz\u00fcndungen vorbeugen. Ihnen wird auch eine krebspr\u00e4ventive Wirkung zugeschrieben. Kein Wunder, dass mit dem Polyphenolgehalt f\u00fcr Tees, \u00d6len und vieles mehr geworben wird. Die Erdbeere hat aber noch viel mehr zu bieten.<\/p>\n<p>Neben den Polyphenolen enthalten Erdbeeren auch weitere, lang bekannte, Inhaltsstoffe. Sie enthalten sogar mehr Vitamin C (57 mg\/100 g) als Orangen (46 mg\/100 g). Ebenfalls reichlich liefern sie: Kalium, Fols\u00e4ure und Ballaststoffe. In der Wissenschaft k\u00f6nnen nur einzelne Inhaltsstoffe analysiert und ihre Wirkung ermittelt werden. Das Wechselspiel der einzelnen Bestandteile k\u00f6nnen wir nur ahnen. In der Erdbeere scheint es von Natur aus optimal zu funktionieren.<\/p>\n<p>Erstaunlicherweise tauchen bei Hildegard von Bingen die Erdbeere als K\u00fcchengift, das unsere Abwehr schw\u00e4cht, auf. Dies erscheint aus heutiger Sicht nicht gerechtfertigt. Bedenkt man aber, dass Erdbeeren in Bodenn\u00e4he wachsen, also schmutzig werden k\u00f6nnen und dass das Wasser im Mittelalter oft verunreinigt war, l\u00e4sst sich diese Empfehlung nachvollziehen. Dies liegt aber nicht an der Erdbeere selbst, sondern an den hygienischen Umst\u00e4nden der damaligen Zeit.<\/p>\n<h2><span style=\"font-family: 'Georgia',serif; color: #333333;\">Rezepte im Mai:<\/span><\/h2>\n<ul>\n<li><span style=\"font-family: 'Georgia',serif; color: #333333;\"><a href=\"https:\/\/monters.liebau.org\/?page_id=351\">Erdbeersahne<\/a><\/span><\/li>\n<li><span style=\"font-family: 'Georgia',serif; color: #333333;\"><a href=\"https:\/\/monters.liebau.org\/?page_id=353\">Erdbeermus auf Sahnequark<\/a><\/span><\/li>\n<\/ul>\n","protected":false},"excerpt":{"rendered":"<p>&nbsp; Erdbeeren &#8211; endlich wieder Farbe auf dem Tisch Im April kehren mit dem Gr\u00fcn der B\u00e4ume und der einsetzenden Bl\u00fctezeit die Farben wieder in die Natur und unsere Stimmung zur\u00fcck. Im Mai sind es die Erdbeeren, die den Anfang einer ganzen Reihe leuchtend roter Fr\u00fcchte bilden. Jetzt wird der Speiseplan wieder frisch und bunt. &#8230; <a title=\"Mai\" class=\"read-more\" href=\"https:\/\/monters.liebau.org\/?page_id=342\" aria-label=\"Mehr Informationen \u00fcber Mai\">Weiterlesen<\/a><\/p>\n","protected":false},"author":1,"featured_media":0,"parent":905,"menu_order":5,"comment_status":"closed","ping_status":"closed","template":"","meta":{"footnotes":""},"class_list":["post-342","page","type-page","status-publish"],"_links":{"self":[{"href":"https:\/\/monters.liebau.org\/index.php?rest_route=\/wp\/v2\/pages\/342","targetHints":{"allow":["GET"]}}],"collection":[{"href":"https:\/\/monters.liebau.org\/index.php?rest_route=\/wp\/v2\/pages"}],"about":[{"href":"https:\/\/monters.liebau.org\/index.php?rest_route=\/wp\/v2\/types\/page"}],"author":[{"embeddable":true,"href":"https:\/\/monters.liebau.org\/index.php?rest_route=\/wp\/v2\/users\/1"}],"replies":[{"embeddable":true,"href":"https:\/\/monters.liebau.org\/index.php?rest_route=%2Fwp%2Fv2%2Fcomments&post=342"}],"version-history":[{"count":15,"href":"https:\/\/monters.liebau.org\/index.php?rest_route=\/wp\/v2\/pages\/342\/revisions"}],"predecessor-version":[{"id":1117,"href":"https:\/\/monters.liebau.org\/index.php?rest_route=\/wp\/v2\/pages\/342\/revisions\/1117"}],"up":[{"embeddable":true,"href":"https:\/\/monters.liebau.org\/index.php?rest_route=\/wp\/v2\/pages\/905"}],"wp:attachment":[{"href":"https:\/\/monters.liebau.org\/index.php?rest_route=%2Fwp%2Fv2%2Fmedia&parent=342"}],"curies":[{"name":"wp","href":"https:\/\/api.w.org\/{rel}","templated":true}]}}