{"id":30,"date":"2012-12-19T18:29:39","date_gmt":"2012-12-19T17:29:39","guid":{"rendered":"http:\/\/monters.liebau.org\/wp\/?page_id=30"},"modified":"2024-06-11T18:21:07","modified_gmt":"2024-06-11T16:21:07","slug":"kontakt","status":"publish","type":"page","link":"https:\/\/monters.liebau.org\/?page_id=30","title":{"rendered":"Kontakt"},"content":{"rendered":"<p>Dr. Beate Monter<img loading=\"lazy\" decoding=\"async\" class=\"alignright size-full wp-image-1247\" src=\"https:\/\/monters.liebau.org\/wp-content\/uploads\/2024\/06\/Kontakt_3.jpg\" alt=\"\" width=\"541\" height=\"640\" srcset=\"https:\/\/monters.liebau.org\/wp-content\/uploads\/2024\/06\/Kontakt_3.jpg 541w, https:\/\/monters.liebau.org\/wp-content\/uploads\/2024\/06\/Kontakt_3-254x300.jpg 254w\" sizes=\"auto, (max-width: 541px) 100vw, 541px\" \/><br \/>\nInnere Halde 11<br \/>\n71384 Weinstadt<\/p>\n<p>Tel. 07151\/609761<br \/>\nbeate@monters.de<\/p>\n<p><strong>So finden Sie mich:<\/strong><\/p>\n<p><img loading=\"lazy\" decoding=\"async\" class=\"alignleft\" src=\"http:\/\/monters.liebau.org\/wp-content\/uploads\/2018\/06\/Lage-300x239.jpg\" width=\"363\" height=\"289\" \/><\/p>\n<p><small>\u00a0<\/small><\/p>\n<p><small>Bitte nicht von Google Maps verwirren lassen. Meine Praxis ist am Ende der Inneren Halde, die sie von der Stettener Stra\u00dfe aus erreichen. An den Garagen am Ende der Wendeplatte finden sie einen Stellplatz f\u00fcr Klienten meiner Praxis.<br \/>\nFu\u00dfg\u00e4nger, die aus dem Ortszentrum Endersbach \u00fcber die Str\u00fcmpfelbacher Stra\u00dfe kommen, k\u00f6nnen den Fu\u00dfweg zwischen Haus 40 und 42 nehmen. Er m\u00fcndet in die Innere Halde.\u00a0<\/small><\/p>\n","protected":false},"excerpt":{"rendered":"<p>Dr. Beate Monter Innere Halde 11 71384 Weinstadt Tel. 07151\/609761 beate@monters.de So finden Sie mich: \u00a0 Bitte nicht von Google Maps verwirren lassen. Meine Praxis ist am Ende der Inneren Halde, die sie von der Stettener Stra\u00dfe aus erreichen. An den Garagen am Ende der Wendeplatte finden sie einen Stellplatz f\u00fcr Klienten meiner Praxis. Fu\u00dfg\u00e4nger, &#8230; <a title=\"Kontakt\" class=\"read-more\" href=\"https:\/\/monters.liebau.org\/?page_id=30\" aria-label=\"Mehr Informationen \u00fcber Kontakt\">Weiterlesen<\/a><\/p>\n","protected":false},"author":1,"featured_media":0,"parent":0,"menu_order":11,"comment_status":"closed","ping_status":"closed","template":"","meta":{"footnotes":""},"class_list":["post-30","page","type-page","status-publish"],"_links":{"self":[{"href":"https:\/\/monters.liebau.org\/index.php?rest_route=\/wp\/v2\/pages\/30","targetHints":{"allow":["GET"]}}],"collection":[{"href":"https:\/\/monters.liebau.org\/index.php?rest_route=\/wp\/v2\/pages"}],"about":[{"href":"https:\/\/monters.liebau.org\/index.php?rest_route=\/wp\/v2\/types\/page"}],"author":[{"embeddable":true,"href":"https:\/\/monters.liebau.org\/index.php?rest_route=\/wp\/v2\/users\/1"}],"replies":[{"embeddable":true,"href":"https:\/\/monters.liebau.org\/index.php?rest_route=%2Fwp%2Fv2%2Fcomments&post=30"}],"version-history":[{"count":25,"href":"https:\/\/monters.liebau.org\/index.php?rest_route=\/wp\/v2\/pages\/30\/revisions"}],"predecessor-version":[{"id":1250,"href":"https:\/\/monters.liebau.org\/index.php?rest_route=\/wp\/v2\/pages\/30\/revisions\/1250"}],"wp:attachment":[{"href":"https:\/\/monters.liebau.org\/index.php?rest_route=%2Fwp%2Fv2%2Fmedia&parent=30"}],"curies":[{"name":"wp","href":"https:\/\/api.w.org\/{rel}","templated":true}]}}