{"id":27,"date":"2012-12-19T18:28:56","date_gmt":"2012-12-19T17:28:56","guid":{"rendered":"http:\/\/monters.liebau.org\/wp\/?page_id=27"},"modified":"2023-08-01T15:27:49","modified_gmt":"2023-08-01T13:27:49","slug":"impressum","status":"publish","type":"page","link":"https:\/\/monters.liebau.org\/?page_id=27","title":{"rendered":"Impressum"},"content":{"rendered":"<p>Angaben gem\u00e4\u00df \u00a7 5 TMG:<\/p>\n<p>Dr. rer. nat. Beate Monter<br \/>\nDiplom Ern\u00e4hrungswissenschaftlerin<br \/>\nInnere Halde 11<br \/>\n71384 Weinstadt<\/p>\n<p>Tel. 07151\/609761<br \/>\nbeate@monters.de<\/p>\n<p>Inhaltlich Verantwortlicher gem\u00e4\u00df \u00a7 55 Abs. 2 RStV: Dr. Beate Monter (Anschrift wie oben)<\/p>\n<p>Rechtliche Hinweise<\/p>\n<p>Schutzrechte und Markenzeichen:<br \/>\nFerner sind Markenzeichen auf unserer Website markenrechtlich gesch\u00fctzt, es sei denn, dies ist ausdr\u00fccklich anders angegeben. Durch diese Website wird keine Lizenz zur Nutzung des geistigen Eigentums der Ern\u00e4hrungsberatung und -therapie Dr. Beate Monter oder Dritten erteilt. Der Inhalt dieser Websites darf nicht zu kommerziellen Zwecken kopiert, verbreitet, ver\u00e4ndert oder Dritten zug\u00e4nglich gemacht werden.<\/p>\n<p>Monters.de nutzt WordPress<a title=\"WordPress\" href=\"http:\/\/de.wordpress.com\/\" target=\"_blank\" rel=\"noopener noreferrer\">\u00a0<\/a>und GeneratePress.<\/p>\n<p>Illustrationen\u00a0 <a href=\"http:\/\/www.illustration-hahn.de\">Anette Hahn<\/a><\/p>\n<p>Fotos J\u00fcrgen\u00a0&amp; Pascal Monter<\/p>\n","protected":false},"excerpt":{"rendered":"<p>Angaben gem\u00e4\u00df \u00a7 5 TMG: Dr. rer. nat. Beate Monter Diplom Ern\u00e4hrungswissenschaftlerin Innere Halde 11 71384 Weinstadt Tel. 07151\/609761 beate@monters.de Inhaltlich Verantwortlicher gem\u00e4\u00df \u00a7 55 Abs. 2 RStV: Dr. Beate Monter (Anschrift wie oben) Rechtliche Hinweise Schutzrechte und Markenzeichen: Ferner sind Markenzeichen auf unserer Website markenrechtlich gesch\u00fctzt, es sei denn, dies ist ausdr\u00fccklich anders angegeben. &#8230; <a title=\"Impressum\" class=\"read-more\" href=\"https:\/\/monters.liebau.org\/?page_id=27\" aria-label=\"Mehr Informationen \u00fcber Impressum\">Weiterlesen<\/a><\/p>\n","protected":false},"author":1,"featured_media":0,"parent":0,"menu_order":200,"comment_status":"closed","ping_status":"closed","template":"","meta":{"footnotes":""},"class_list":["post-27","page","type-page","status-publish"],"_links":{"self":[{"href":"https:\/\/monters.liebau.org\/index.php?rest_route=\/wp\/v2\/pages\/27","targetHints":{"allow":["GET"]}}],"collection":[{"href":"https:\/\/monters.liebau.org\/index.php?rest_route=\/wp\/v2\/pages"}],"about":[{"href":"https:\/\/monters.liebau.org\/index.php?rest_route=\/wp\/v2\/types\/page"}],"author":[{"embeddable":true,"href":"https:\/\/monters.liebau.org\/index.php?rest_route=\/wp\/v2\/users\/1"}],"replies":[{"embeddable":true,"href":"https:\/\/monters.liebau.org\/index.php?rest_route=%2Fwp%2Fv2%2Fcomments&post=27"}],"version-history":[{"count":23,"href":"https:\/\/monters.liebau.org\/index.php?rest_route=\/wp\/v2\/pages\/27\/revisions"}],"predecessor-version":[{"id":1195,"href":"https:\/\/monters.liebau.org\/index.php?rest_route=\/wp\/v2\/pages\/27\/revisions\/1195"}],"wp:attachment":[{"href":"https:\/\/monters.liebau.org\/index.php?rest_route=%2Fwp%2Fv2%2Fmedia&parent=27"}],"curies":[{"name":"wp","href":"https:\/\/api.w.org\/{rel}","templated":true}]}}