{"id":269,"date":"2016-03-04T21:08:46","date_gmt":"2016-03-04T20:08:46","guid":{"rendered":"http:\/\/monters.de\/?page_id=269"},"modified":"2024-01-10T16:38:19","modified_gmt":"2024-01-10T15:38:19","slug":"durch-das-jahr-2","status":"publish","type":"page","link":"https:\/\/monters.liebau.org\/?page_id=269","title":{"rendered":"M\u00e4rz"},"content":{"rendered":"<p><img loading=\"lazy\" decoding=\"async\" class=\"alignleft wp-image-276 size-medium\" src=\"https:\/\/monters.liebau.org\/wp-content\/uploads\/2016\/03\/03_M\u00e4rz_logo-e1689791473119-300x258.jpg\" alt=\"\" width=\"300\" height=\"258\" srcset=\"https:\/\/monters.liebau.org\/wp-content\/uploads\/2016\/03\/03_M\u00e4rz_logo-e1689791473119-300x258.jpg 300w, https:\/\/monters.liebau.org\/wp-content\/uploads\/2016\/03\/03_M\u00e4rz_logo-e1689791473119-768x660.jpg 768w, https:\/\/monters.liebau.org\/wp-content\/uploads\/2016\/03\/03_M\u00e4rz_logo-e1689791473119-1024x881.jpg 1024w, https:\/\/monters.liebau.org\/wp-content\/uploads\/2016\/03\/03_M\u00e4rz_logo-e1689791473119.jpg 1500w\" sizes=\"auto, (max-width: 300px) 100vw, 300px\" \/><\/p>\n<h1><\/h1>\n<h1>B\u00e4rlauch<\/h1>\n<p>B\u00e4rlauchbl\u00e4tter geh\u00f6ren zum ersten Gr\u00fcn, das sich nach dem Winter zeigt.\u00a0 Der Fr\u00fchlingsauftritt des B\u00e4rlauchs ist kurz. Es lohnt sich ihn intensiv zu genie\u00dfen. Erst vor einigen Jahren ist es gelungen, B\u00e4rlauch ergiebig zu kultivieren und damit leicht verf\u00fcgbar zu machen. <img loading=\"lazy\" decoding=\"async\" class=\"alignright wp-image-271\" src=\"http:\/\/monters.liebau.org\/wp-content\/uploads\/2016\/03\/03_B\u00e4rlauch2-300x200.jpg\" alt=\"\" width=\"260\" height=\"173\" srcset=\"https:\/\/monters.liebau.org\/wp-content\/uploads\/2016\/03\/03_B\u00e4rlauch2-300x200.jpg 300w, https:\/\/monters.liebau.org\/wp-content\/uploads\/2016\/03\/03_B\u00e4rlauch2.jpg 384w\" sizes=\"auto, (max-width: 260px) 100vw, 260px\" \/><\/p>\n<p>Im Freiland kann B\u00e4rlauch nur allzu leicht mit den hochgiftigen Bl\u00e4ttern des Maigl\u00f6ckchens verwechselt werden, daher sollten diejenigen, die keine Pflanzenprofis sind, besser auf das Selbersammeln verzichten und ihren B\u00e4rlauch beim H\u00e4ndler kaufen.<\/p>\n<p><img loading=\"lazy\" decoding=\"async\" class=\"alignleft wp-image-270\" src=\"http:\/\/monters.liebau.org\/wp-content\/uploads\/2016\/03\/03_B\u00e4rlauch1-300x200.jpg\" alt=\"03_B\u00e4rlauch1\" width=\"300\" height=\"200\" srcset=\"https:\/\/monters.liebau.org\/wp-content\/uploads\/2016\/03\/03_B\u00e4rlauch1-300x200.jpg 300w, https:\/\/monters.liebau.org\/wp-content\/uploads\/2016\/03\/03_B\u00e4rlauch1.jpg 373w\" sizes=\"auto, (max-width: 300px) 100vw, 300px\" \/><\/p>\n<p>Der Geruch signalisiert schon, dass B\u00e4rlauch \u00e4hnliche Inhaltsstoffe\u00a0 hat, wie Knoblauch. Genauso wie Knoblauch wurde auch B\u00e4rlauch<br \/>\nschon immer als Heilpflanze gesch\u00e4tzt. In vergangenen Jahrhunderten\u00a0 war es besonders wichtig, nach dem Winter wieder vitamin- und\u00a0 n\u00e4hrstoffreiches Frisches auf den Tisch zu bekommen.\u00a0 Heute erlebt B\u00e4rlauch in der Naturheilkunde zunehmende Beachtung\u00a0 als \u201eEntgiftungsmittel\u201c.<\/p>\n<p>Anders als bei Knoblauch ist gekochter B\u00e4rlauch f\u00fcr das Gegen\u00fcber nicht\u00a0den ganzen Tag noch zu riechen. Die schwefeligen Aromen oxidieren\u00a0 beim Erhitzen leicht. Leider oder f\u00fcr Manchen auch Gott sei Dank geht damit auch ein Teil des charakteristischen Geschmacks des B\u00e4rlauchs\u00a0verloren. Das volle Aroma des frischen B\u00e4rlauchs ist ungleich intensiver.<\/p>\n<p><strong>Rezepte f\u00fcr den M\u00e4rz<\/strong><\/p>\n<ul>\n<li><a href=\"https:\/\/monters.liebau.org\/?page_id=290\">B\u00e4rlauchhackbraten<\/a><\/li>\n<li><a href=\"https:\/\/monters.liebau.org\/?page_id=279\">B\u00e4rlauchpesto<\/a><\/li>\n<li><a href=\"https:\/\/monters.liebau.org\/?page_id=292\">B\u00e4rlauchsuppe mit Zitronensahne<\/a><\/li>\n<\/ul>\n","protected":false},"excerpt":{"rendered":"<p>B\u00e4rlauch B\u00e4rlauchbl\u00e4tter geh\u00f6ren zum ersten Gr\u00fcn, das sich nach dem Winter zeigt.\u00a0 Der Fr\u00fchlingsauftritt des B\u00e4rlauchs ist kurz. Es lohnt sich ihn intensiv zu genie\u00dfen. Erst vor einigen Jahren ist es gelungen, B\u00e4rlauch ergiebig zu kultivieren und damit leicht verf\u00fcgbar zu machen. Im Freiland kann B\u00e4rlauch nur allzu leicht mit den hochgiftigen Bl\u00e4ttern des Maigl\u00f6ckchens &#8230; <a title=\"M\u00e4rz\" class=\"read-more\" href=\"https:\/\/monters.liebau.org\/?page_id=269\" aria-label=\"Mehr Informationen \u00fcber M\u00e4rz\">Weiterlesen<\/a><\/p>\n","protected":false},"author":1,"featured_media":0,"parent":905,"menu_order":3,"comment_status":"closed","ping_status":"closed","template":"","meta":{"footnotes":""},"class_list":["post-269","page","type-page","status-publish"],"_links":{"self":[{"href":"https:\/\/monters.liebau.org\/index.php?rest_route=\/wp\/v2\/pages\/269","targetHints":{"allow":["GET"]}}],"collection":[{"href":"https:\/\/monters.liebau.org\/index.php?rest_route=\/wp\/v2\/pages"}],"about":[{"href":"https:\/\/monters.liebau.org\/index.php?rest_route=\/wp\/v2\/types\/page"}],"author":[{"embeddable":true,"href":"https:\/\/monters.liebau.org\/index.php?rest_route=\/wp\/v2\/users\/1"}],"replies":[{"embeddable":true,"href":"https:\/\/monters.liebau.org\/index.php?rest_route=%2Fwp%2Fv2%2Fcomments&post=269"}],"version-history":[{"count":28,"href":"https:\/\/monters.liebau.org\/index.php?rest_route=\/wp\/v2\/pages\/269\/revisions"}],"predecessor-version":[{"id":1134,"href":"https:\/\/monters.liebau.org\/index.php?rest_route=\/wp\/v2\/pages\/269\/revisions\/1134"}],"up":[{"embeddable":true,"href":"https:\/\/monters.liebau.org\/index.php?rest_route=\/wp\/v2\/pages\/905"}],"wp:attachment":[{"href":"https:\/\/monters.liebau.org\/index.php?rest_route=%2Fwp%2Fv2%2Fmedia&parent=269"}],"curies":[{"name":"wp","href":"https:\/\/api.w.org\/{rel}","templated":true}]}}