{"id":222,"date":"2016-02-07T19:30:19","date_gmt":"2016-02-07T18:30:19","guid":{"rendered":"http:\/\/monters.de\/?page_id=222"},"modified":"2024-01-10T16:38:34","modified_gmt":"2024-01-10T15:38:34","slug":"durch-das-jahr-februar","status":"publish","type":"page","link":"https:\/\/monters.liebau.org\/?page_id=222","title":{"rendered":"Februar"},"content":{"rendered":"<h2><\/h2>\n<h2><img loading=\"lazy\" decoding=\"async\" class=\"wp-image-233 size-medium alignleft\" src=\"http:\/\/monters.liebau.org\/wp-content\/uploads\/2012\/12\/02_Februar_logo-300x170.jpg\" alt=\"02_Februar_logo\" width=\"300\" height=\"170\" srcset=\"https:\/\/monters.liebau.org\/wp-content\/uploads\/2012\/12\/02_Februar_logo-300x170.jpg 300w, https:\/\/monters.liebau.org\/wp-content\/uploads\/2012\/12\/02_Februar_logo-768x436.jpg 768w, https:\/\/monters.liebau.org\/wp-content\/uploads\/2012\/12\/02_Februar_logo.jpg 798w\" sizes=\"auto, (max-width: 300px) 100vw, 300px\" \/><\/h2>\n<h1><\/h1>\n<h1>Karotten<\/h1>\n<p>Karotten stehen den ganzen Winter \u00fcber als Erg\u00e4nzung f\u00fcr Salate, Eint\u00f6pfe und vieles Anderes zur Verf\u00fcgung. Sie sind ein attraktiver Farbtupfer im winterlichen Speiseplan.<\/p>\n<p>Besonders w\u00e4hrend der Grippezeit sind Karotten eine wichtige Quelle f\u00fcr Gesundes. Die Karottensuppe auf der folgenden Seite ist an die Moro\u2019sche Suppe gelehnt. Dieses Hausmittel gegen Durchfall hat eine lange Tradition. Im Rezept hier sorgt zus\u00e4tzlich Orangensaft f\u00fcr viel Vitamin C, Ingwer f\u00fcr eine antibakterielle Wirkung und Kardamom f\u00fcr eine Harmonisierung von Magen und Darm.<\/p>\n<h2><img loading=\"lazy\" decoding=\"async\" class=\"wp-image-610 size-full alignright\" src=\"https:\/\/monters.liebau.org\/wp-content\/uploads\/2016\/02\/02_\u00c4pfel.jpg\" alt=\"\" width=\"459\" height=\"258\" srcset=\"https:\/\/monters.liebau.org\/wp-content\/uploads\/2016\/02\/02_\u00c4pfel.jpg 459w, https:\/\/monters.liebau.org\/wp-content\/uploads\/2016\/02\/02_\u00c4pfel-300x169.jpg 300w\" sizes=\"auto, (max-width: 459px) 100vw, 459px\" \/><\/h2>\n<p>Kochen Sie Ihre Karottensuppe ruhig mal etwas l\u00e4nger (1 Stunde), wenn es in Ihrem Bauch rumort. Beim Kochen von Karotten entstehen sogenannte saure Oligo-Galakturonide. Diese Substanzen \u00e4hneln der Struktur von Darmschleimhautrezeptoren, an die krankmachende Keime andocken k\u00f6nnen. Auf diese Art k\u00f6nnen krankmachende Keime von der Karottensuppe regelrecht abgefangen werden, bevor sie Schaden anrichten.<\/p>\n<p>Nat\u00fcrlich m\u00fcssen Sie nicht erst krank werden, um in den Nutzen der gesundheitlichen Wirkung von Karotten zu kommen. Sie f\u00f6rdern ihr Immunsystem und helfen dabei den Winter gesund zu \u00fcberstehen.<\/p>\n<p>Karotten sind obendrein unter den Pflanzen die Carotinquelle schlechthin. Aus Carotin wird im K\u00f6rper Vitamin A gebildet. Um gut zu funktionieren sind unsere Augen auf eine ausreichende Versorgung mit Vitamin A angewiesen. Besonders in der Dunkelheit und damit im Winter macht es sich bemerkbar, wenn ein Mangel besteht. Wenn die Karotten gekocht sind kann im Darm Carotin besser aufgenommen werden. Es darf also die Rohkost sein, wenn es schmeckt \u2013 muss aber nicht.<\/p>\n<p><img loading=\"lazy\" decoding=\"async\" class=\"wp-image-225 aligncenter\" src=\"http:\/\/monters.liebau.org\/wp-content\/uploads\/2016\/02\/02_Februar_N\u00e4hwert-Tabelle.jpg\" alt=\"02_Februar_N\u00e4hwert Tabelle\" width=\"450\" height=\"202\" srcset=\"https:\/\/monters.liebau.org\/wp-content\/uploads\/2016\/02\/02_Februar_N\u00e4hwert-Tabelle.jpg 654w, https:\/\/monters.liebau.org\/wp-content\/uploads\/2016\/02\/02_Februar_N\u00e4hwert-Tabelle-300x134.jpg 300w\" sizes=\"auto, (max-width: 450px) 100vw, 450px\" \/><\/p>\n<p>Eine andere ausgezeichnete Vitamin A-Quelle ist Leber. Bei Leber muss man sogar darauf achten, dass Vitamin A nicht \u00fcberdosiert wird. Mit Karotten ist eine \u00dcberdosierung nicht zu schaffen.<br \/>\nDie Natur hat die Karotte mit Inhaltsstoffen vollgepackt, die gerade im Winter wichtig f\u00fcr uns sind. Gleichzeitig hat sie mit einer ausgezeichneten Lagerf\u00e4higkeit daf\u00fcr gesorgt, dass sie uns den ganzen Winter lang zur Verf\u00fcgung steht.<\/p>\n<p><strong>Rezepte im Februar<\/strong><\/p>\n<ul>\n<li><a href=\"https:\/\/monters.liebau.org\/wp-admin\/post.php?post=238\">Karottensuppe<\/a><\/li>\n<li><a href=\"https:\/\/monters.liebau.org\/?page_id=252\">Rindergeschnetzeltes mit Karottenraspel<\/a><\/li>\n<li><a href=\"https:\/\/monters.liebau.org\/?page_id=255\">Sahniger Karottenbrotaufstrich<\/a><\/li>\n<\/ul>\n","protected":false},"excerpt":{"rendered":"<p>Karotten Karotten stehen den ganzen Winter \u00fcber als Erg\u00e4nzung f\u00fcr Salate, Eint\u00f6pfe und vieles Anderes zur Verf\u00fcgung. Sie sind ein attraktiver Farbtupfer im winterlichen Speiseplan. Besonders w\u00e4hrend der Grippezeit sind Karotten eine wichtige Quelle f\u00fcr Gesundes. Die Karottensuppe auf der folgenden Seite ist an die Moro\u2019sche Suppe gelehnt. Dieses Hausmittel gegen Durchfall hat eine lange &#8230; <a title=\"Februar\" class=\"read-more\" href=\"https:\/\/monters.liebau.org\/?page_id=222\" aria-label=\"Mehr Informationen \u00fcber Februar\">Weiterlesen<\/a><\/p>\n","protected":false},"author":1,"featured_media":0,"parent":905,"menu_order":2,"comment_status":"closed","ping_status":"closed","template":"","meta":{"footnotes":""},"class_list":["post-222","page","type-page","status-publish"],"_links":{"self":[{"href":"https:\/\/monters.liebau.org\/index.php?rest_route=\/wp\/v2\/pages\/222","targetHints":{"allow":["GET"]}}],"collection":[{"href":"https:\/\/monters.liebau.org\/index.php?rest_route=\/wp\/v2\/pages"}],"about":[{"href":"https:\/\/monters.liebau.org\/index.php?rest_route=\/wp\/v2\/types\/page"}],"author":[{"embeddable":true,"href":"https:\/\/monters.liebau.org\/index.php?rest_route=\/wp\/v2\/users\/1"}],"replies":[{"embeddable":true,"href":"https:\/\/monters.liebau.org\/index.php?rest_route=%2Fwp%2Fv2%2Fcomments&post=222"}],"version-history":[{"count":30,"href":"https:\/\/monters.liebau.org\/index.php?rest_route=\/wp\/v2\/pages\/222\/revisions"}],"predecessor-version":[{"id":1135,"href":"https:\/\/monters.liebau.org\/index.php?rest_route=\/wp\/v2\/pages\/222\/revisions\/1135"}],"up":[{"embeddable":true,"href":"https:\/\/monters.liebau.org\/index.php?rest_route=\/wp\/v2\/pages\/905"}],"wp:attachment":[{"href":"https:\/\/monters.liebau.org\/index.php?rest_route=%2Fwp%2Fv2%2Fmedia&parent=222"}],"curies":[{"name":"wp","href":"https:\/\/api.w.org\/{rel}","templated":true}]}}