{"id":209,"date":"2016-01-17T20:01:36","date_gmt":"2016-01-17T19:01:36","guid":{"rendered":"http:\/\/monters.de\/?page_id=209"},"modified":"2023-07-26T19:30:02","modified_gmt":"2023-07-26T17:30:02","slug":"glasierter-rosenkohl","status":"publish","type":"page","link":"https:\/\/monters.liebau.org\/?page_id=209","title":{"rendered":"Glasierter Rosenkohl"},"content":{"rendered":"<h2>Zutaten f\u00fcr 4 Personen<\/h2>\n<p>800 g Rosenkohl<a href=\"http:\/\/monters.liebau.org\/wp-content\/uploads\/2016\/01\/glasierter-Rosenkohl.jpg\"><img loading=\"lazy\" decoding=\"async\" class=\"alignright wp-image-199 size-medium\" src=\"http:\/\/monters.liebau.org\/wp-content\/uploads\/2016\/01\/glasierter-Rosenkohl-300x198.jpg\" alt=\"glasierter Rosenkohl\" width=\"300\" height=\"198\" srcset=\"https:\/\/monters.liebau.org\/wp-content\/uploads\/2016\/01\/glasierter-Rosenkohl-300x198.jpg 300w, https:\/\/monters.liebau.org\/wp-content\/uploads\/2016\/01\/glasierter-Rosenkohl.jpg 361w\" sizes=\"auto, (max-width: 300px) 100vw, 300px\" \/><\/a><br \/>\n250 ml Gem\u00fcsebr\u00fche<br \/>\n40 g Butter<br \/>\n40 g Zucker<br \/>\nSalz, Pfeffer<\/p>\n<h2>Zubereitung<\/h2>\n<p>\u2022 Von den Rosenkohlr\u00f6schen die Strunkenden entfernen, dabei die \u00e4u\u00dferen Bl\u00e4ttchen entfernen, den Strunk kreuzweise einschneiden und die R\u00f6schen waschen.<br \/>\n\u2022 In 250 ml Salzwasser bei geschlossenem Deckel 15 Minuten garen. In einem Sieb abtropfen lassen, dabei die Br\u00fche auffangen.<br \/>\n\u2022 In einer beschichteten Pfanne die Butter schmelzen, Zucker einrieseln lassen und r\u00fchren, bis die Mischung leicht br\u00e4unlich wird. Die Aufgefangene Br\u00fche unterr\u00fchren, den Rosenkohl hinzuf\u00fcgen und mit Salz und Pfeffer w\u00fcrzen.<br \/>\n\u2022 Alles k\u00f6cheln lassen, bis die Fl\u00fcssigkeit weitgehend verdampft ist.<\/p>\n<h2>Tipp<\/h2>\n<p>Beim Rosenkohl lohnt es sich den ersten Frost abzuwarten. Durch Frost wird die Struktur des Rosenkohls verfeinert, er schmeckt dann aromatischer und milder.<\/p>\n<h3>Dieses Rezept enth\u00e4lt pro Person: 167 kcal<br \/>\n7 g Eiwei\u00df<br \/>\n9 g Fett<br \/>\n15 g Kohlenhydrate<br \/>\n6 g Ballaststoffe<\/h3>\n","protected":false},"excerpt":{"rendered":"<p>Zutaten f\u00fcr 4 Personen 800 g Rosenkohl 250 ml Gem\u00fcsebr\u00fche 40 g Butter 40 g Zucker Salz, Pfeffer Zubereitung \u2022 Von den Rosenkohlr\u00f6schen die Strunkenden entfernen, dabei die \u00e4u\u00dferen Bl\u00e4ttchen entfernen, den Strunk kreuzweise einschneiden und die R\u00f6schen waschen. \u2022 In 250 ml Salzwasser bei geschlossenem Deckel 15 Minuten garen. In einem Sieb abtropfen lassen, &#8230; <a title=\"Glasierter Rosenkohl\" class=\"read-more\" href=\"https:\/\/monters.liebau.org\/?page_id=209\" aria-label=\"Mehr Informationen \u00fcber Glasierter Rosenkohl\">Weiterlesen<\/a><\/p>\n","protected":false},"author":1,"featured_media":0,"parent":165,"menu_order":2,"comment_status":"closed","ping_status":"closed","template":"","meta":{"footnotes":""},"class_list":["post-209","page","type-page","status-publish"],"_links":{"self":[{"href":"https:\/\/monters.liebau.org\/index.php?rest_route=\/wp\/v2\/pages\/209","targetHints":{"allow":["GET"]}}],"collection":[{"href":"https:\/\/monters.liebau.org\/index.php?rest_route=\/wp\/v2\/pages"}],"about":[{"href":"https:\/\/monters.liebau.org\/index.php?rest_route=\/wp\/v2\/types\/page"}],"author":[{"embeddable":true,"href":"https:\/\/monters.liebau.org\/index.php?rest_route=\/wp\/v2\/users\/1"}],"replies":[{"embeddable":true,"href":"https:\/\/monters.liebau.org\/index.php?rest_route=%2Fwp%2Fv2%2Fcomments&post=209"}],"version-history":[{"count":3,"href":"https:\/\/monters.liebau.org\/index.php?rest_route=\/wp\/v2\/pages\/209\/revisions"}],"predecessor-version":[{"id":212,"href":"https:\/\/monters.liebau.org\/index.php?rest_route=\/wp\/v2\/pages\/209\/revisions\/212"}],"up":[{"embeddable":true,"href":"https:\/\/monters.liebau.org\/index.php?rest_route=\/wp\/v2\/pages\/165"}],"wp:attachment":[{"href":"https:\/\/monters.liebau.org\/index.php?rest_route=%2Fwp%2Fv2%2Fmedia&parent=209"}],"curies":[{"name":"wp","href":"https:\/\/api.w.org\/{rel}","templated":true}]}}