{"id":20,"date":"2012-12-19T18:28:34","date_gmt":"2012-12-19T17:28:34","guid":{"rendered":"http:\/\/monters.liebau.org\/wp\/?page_id=20"},"modified":"2025-05-28T16:03:56","modified_gmt":"2025-05-28T14:03:56","slug":"zu-meiner-person","status":"publish","type":"page","link":"https:\/\/monters.liebau.org\/?page_id=20","title":{"rendered":"Zu meiner Person"},"content":{"rendered":"<div class=\"wp-block-image\">\n<figure class=\"alignleft\"><img loading=\"lazy\" decoding=\"async\" width=\"225\" height=\"300\" src=\"http:\/\/monters.liebau.org\/wp-content\/uploads\/2020\/06\/IMG_8661-225x300.jpg\" alt=\"\" class=\"wp-image-890\" srcset=\"https:\/\/monters.liebau.org\/wp-content\/uploads\/2020\/06\/IMG_8661-225x300.jpg 225w, https:\/\/monters.liebau.org\/wp-content\/uploads\/2020\/06\/IMG_8661-768x1024.jpg 768w, https:\/\/monters.liebau.org\/wp-content\/uploads\/2020\/06\/IMG_8661-1152x1536.jpg 1152w, https:\/\/monters.liebau.org\/wp-content\/uploads\/2020\/06\/IMG_8661-1536x2048.jpg 1536w, https:\/\/monters.liebau.org\/wp-content\/uploads\/2020\/06\/IMG_8661-scaled.jpg 1920w\" sizes=\"auto, (max-width: 225px) 100vw, 225px\" \/><\/figure>\n<\/div>\n\n\n<p class=\"has-text-align-left\"> Durch meine Familie lerne ich st\u00e4ndig die Grenzen und M\u00f6glichkeiten der Umsetzung von \u201eauch noch so sinnvollen\u201c Ern\u00e4hrungsempfehlungen kennen. Meine Kinder und mein Ehemann sind Kritiker und Berater. Ich m\u00f6chte ihre R\u00fcckmeldungen nicht missen.<\/p>\n\n\n\n<p>Dr. Beate Monter<\/p>\n\n\n\n<p><\/p>\n\n\n\n<p><\/p>\n\n\n\n<div style=\"height:39px\" aria-hidden=\"true\" class=\"wp-block-spacer\"><\/div>\n\n\n\n<p>1980-1982<br \/>Studium der Haushaltswissenschaft an der Universit\u00e4t Stuttgart Hohenheim und Studium der Oecotrophologie in Gie\u00dfen<\/p>\n\n\n\n<p>1982-1987<br \/>Studium der Ern\u00e4hrungswissenschaft an der Universit\u00e4t Hohenheim<\/p>\n\n\n\n<p>1987-1991<br \/>Forschungst\u00e4tigkeit im Bereich enzymatische Peptidsynthese an der Universit\u00e4t Stuttgart Hohenheim<\/p>\n\n\n\n<p>1985\/1986<br \/>Schreiben von t\u00e4glichen Kochrezepten f\u00fcr den S\u00fcddeutschen Rundfunk<\/p>\n\n\n\n<p>Seit 1989<br \/>Arbeit in der Ern\u00e4hrungsberatung<\/p>\n\n\n\n<p>1991<br \/>Promotion zum Dr. rer. nat.<\/p>\n\n\n\n<p>2006<br \/>Mitgr\u00fcnderin Qualit\u00e4tszirkel Essenzia (<a title=\"Zeit f\u00fcr Ern\u00e4hrung\" rel=\"noopener noreferrer\" href=\"http:\/\/www.zeit-fuer-ernaehrung.de\/\" target=\"_blank\">Zeit f\u00fcr Ern\u00e4hrung<\/a>)<\/p>\n","protected":false},"excerpt":{"rendered":"<p>Durch meine Familie lerne ich st\u00e4ndig die Grenzen und M\u00f6glichkeiten der Umsetzung von \u201eauch noch so sinnvollen\u201c Ern\u00e4hrungsempfehlungen kennen. Meine Kinder und mein Ehemann sind Kritiker und Berater. Ich m\u00f6chte ihre R\u00fcckmeldungen nicht missen. Dr. Beate Monter 1980-1982Studium der Haushaltswissenschaft an der Universit\u00e4t Stuttgart Hohenheim und Studium der Oecotrophologie in Gie\u00dfen 1982-1987Studium der Ern\u00e4hrungswissenschaft an &#8230; <a title=\"Zu meiner Person\" class=\"read-more\" href=\"https:\/\/monters.liebau.org\/?page_id=20\" aria-label=\"Mehr Informationen \u00fcber Zu meiner Person\">Weiterlesen<\/a><\/p>\n","protected":false},"author":1,"featured_media":0,"parent":0,"menu_order":11,"comment_status":"closed","ping_status":"closed","template":"","meta":{"footnotes":""},"class_list":["post-20","page","type-page","status-publish"],"_links":{"self":[{"href":"https:\/\/monters.liebau.org\/index.php?rest_route=\/wp\/v2\/pages\/20","targetHints":{"allow":["GET"]}}],"collection":[{"href":"https:\/\/monters.liebau.org\/index.php?rest_route=\/wp\/v2\/pages"}],"about":[{"href":"https:\/\/monters.liebau.org\/index.php?rest_route=\/wp\/v2\/types\/page"}],"author":[{"embeddable":true,"href":"https:\/\/monters.liebau.org\/index.php?rest_route=\/wp\/v2\/users\/1"}],"replies":[{"embeddable":true,"href":"https:\/\/monters.liebau.org\/index.php?rest_route=%2Fwp%2Fv2%2Fcomments&post=20"}],"version-history":[{"count":60,"href":"https:\/\/monters.liebau.org\/index.php?rest_route=\/wp\/v2\/pages\/20\/revisions"}],"predecessor-version":[{"id":1270,"href":"https:\/\/monters.liebau.org\/index.php?rest_route=\/wp\/v2\/pages\/20\/revisions\/1270"}],"wp:attachment":[{"href":"https:\/\/monters.liebau.org\/index.php?rest_route=%2Fwp%2Fv2%2Fmedia&parent=20"}],"curies":[{"name":"wp","href":"https:\/\/api.w.org\/{rel}","templated":true}]}}