{"id":19,"date":"2012-12-19T18:28:24","date_gmt":"2012-12-19T17:28:24","guid":{"rendered":"http:\/\/monters.liebau.org\/wp\/?page_id=19"},"modified":"2023-04-01T13:53:16","modified_gmt":"2023-04-01T11:53:16","slug":"kochbuch","status":"publish","type":"page","link":"https:\/\/monters.liebau.org\/?page_id=19","title":{"rendered":"Kochbuch"},"content":{"rendered":"<p>Nimm 5 &#8211; Ein Kochbuch f\u00fcr die t\u00e4gliche Freude am Leben<\/p>\n<p><a href=\"http:\/\/www.nimm-5.de\/\" target=\"_blank\" rel=\"noopener\"><img loading=\"lazy\" decoding=\"async\" class=\"alignleft wp-image-41 size-medium\" src=\"https:\/\/monters.liebau.org\/wp-content\/uploads\/2012\/12\/kochbuch_titel-209x300.jpg\" alt=\"\" width=\"209\" height=\"300\" srcset=\"https:\/\/monters.liebau.org\/wp-content\/uploads\/2012\/12\/kochbuch_titel-209x300.jpg 209w, https:\/\/monters.liebau.org\/wp-content\/uploads\/2012\/12\/kochbuch_titel.jpg 312w\" sizes=\"auto, (max-width: 209px) 100vw, 209px\" \/><\/a>NIMM 5 ist ein Kochbuch f\u00fcr Menschen, denen eine gesunde Ern\u00e4hrung im Alltag ohne viel Aufwand am Herzen liegt. F\u00fcr die Rubriken Salate, Suppen, Nudeln, Reis, Kartoffeln, andere Getreidesorten, Gem\u00fcse, herzhafte Gem\u00fcse, Fleisch, Fisch, S\u00fc\u00dfspeisen und Desserts finden Sie jeweils 5 Rezepte, die trotz der Verwendung von Grundnahrungsmitteln einfach und schnell nach zu kochen sind und die sich so sehr gut in den modernen Haushalt und Alltagsablauf einf\u00fcgen lassen. Die Rezepte sind mit Bildern versehen, \u00fcbersichtlich und farblich ansprechend gestaltet und werden durch N\u00e4hrwertangaben erg\u00e4nzt. Zus\u00e4tzliche Tipps geben Anregungen zu weiteren Variationen, Bevorratung oder Einkauf.<\/p>\n<p>Das Buch erscheint im praktischen DIN-A5-Format mit Wire-O-Bindung.<br \/>\nMit den Kurztipps und Variationen zu den kleinen Mahlzeiten wie Fr\u00fchst\u00fcck, Zwischenmahlzeit und Abendessen sowie Grund\u00fcberlegungen und Beispielen zur Speiseplangestaltung, zur gesunden Ern\u00e4hrung, zum Lebensmitteleinkauf und zur K\u00fcchenhygiene ist das Kochbuch die ideale Grundausstattung f\u00fcr junge Menschen, die anfangen einen eigenen Haushalt zu gr\u00fcnden.<\/p>\n<p>Sie k\u00f6nnen das Buch \u00fcber mich f\u00fcr 11,80 \u20ac oder \u00fcber den Verlag und die Webseite <a title=\"http:\/\/www.nimm-5.de\" href=\"http:\/\/www.nimm-5.de\" target=\"_blank\" rel=\"noopener\">http:\/\/www.nimm-5.de<\/a>\u00a0beziehen.<\/p>\n","protected":false},"excerpt":{"rendered":"<p>Nimm 5 &#8211; Ein Kochbuch f\u00fcr die t\u00e4gliche Freude am Leben NIMM 5 ist ein Kochbuch f\u00fcr Menschen, denen eine gesunde Ern\u00e4hrung im Alltag ohne viel Aufwand am Herzen liegt. F\u00fcr die Rubriken Salate, Suppen, Nudeln, Reis, Kartoffeln, andere Getreidesorten, Gem\u00fcse, herzhafte Gem\u00fcse, Fleisch, Fisch, S\u00fc\u00dfspeisen und Desserts finden Sie jeweils 5 Rezepte, die trotz &#8230; <a title=\"Kochbuch\" class=\"read-more\" href=\"https:\/\/monters.liebau.org\/?page_id=19\" aria-label=\"Mehr Informationen \u00fcber Kochbuch\">Weiterlesen<\/a><\/p>\n","protected":false},"author":1,"featured_media":0,"parent":0,"menu_order":10,"comment_status":"closed","ping_status":"closed","template":"","meta":{"footnotes":""},"class_list":["post-19","page","type-page","status-publish"],"_links":{"self":[{"href":"https:\/\/monters.liebau.org\/index.php?rest_route=\/wp\/v2\/pages\/19","targetHints":{"allow":["GET"]}}],"collection":[{"href":"https:\/\/monters.liebau.org\/index.php?rest_route=\/wp\/v2\/pages"}],"about":[{"href":"https:\/\/monters.liebau.org\/index.php?rest_route=\/wp\/v2\/types\/page"}],"author":[{"embeddable":true,"href":"https:\/\/monters.liebau.org\/index.php?rest_route=\/wp\/v2\/users\/1"}],"replies":[{"embeddable":true,"href":"https:\/\/monters.liebau.org\/index.php?rest_route=%2Fwp%2Fv2%2Fcomments&post=19"}],"version-history":[{"count":11,"href":"https:\/\/monters.liebau.org\/index.php?rest_route=\/wp\/v2\/pages\/19\/revisions"}],"predecessor-version":[{"id":1033,"href":"https:\/\/monters.liebau.org\/index.php?rest_route=\/wp\/v2\/pages\/19\/revisions\/1033"}],"wp:attachment":[{"href":"https:\/\/monters.liebau.org\/index.php?rest_route=%2Fwp%2Fv2%2Fmedia&parent=19"}],"curies":[{"name":"wp","href":"https:\/\/api.w.org\/{rel}","templated":true}]}}