{"id":18,"date":"2012-12-19T18:28:03","date_gmt":"2012-12-19T17:28:03","guid":{"rendered":"http:\/\/monters.liebau.org\/wp\/?page_id=18"},"modified":"2023-07-27T14:44:14","modified_gmt":"2023-07-27T12:44:14","slug":"beratung","status":"publish","type":"page","link":"https:\/\/monters.liebau.org\/?page_id=18","title":{"rendered":"Beratung"},"content":{"rendered":"<p><strong>Einzelberatung\u00a0<\/strong><\/p>\n<ul>\n<li>Ich helfe ihnen im Beratungsgespr\u00e4ch in meiner Praxis in <a href=\"https:\/\/monters.liebau.org\/?page_id=30\">Weinstadt<\/a> Ihren individuellen Weg zu einer geeigneten Ern\u00e4hrung zu finden.<\/li>\n<li>Ziel ist es, mit Ihnen einen ausgewogenen Speiseplan zu erarbeiten, der alle wichtigen Bestandteile unserer Nahrung enth\u00e4lt und zu Ihrer pers\u00f6nlichen Situation passt. Sie entscheiden, welchen Weg Sie mit meiner Hilfe gehen wollen.<\/li>\n<li>\u00c4rztliche Verordnungen, Empfehlungen und Befunde werden in die Pl\u00e4ne eingebunden.<\/li>\n<li>Die Beratung wird von den meisten Krankenkassen bezuschusst oder erstattet. Fragen Sie dort nach!<\/li>\n<\/ul>\n<p><strong>Vortr\u00e4ge und Workshops <\/strong><img loading=\"lazy\" decoding=\"async\" class=\"alignright wp-image-437 size-full\" src=\"http:\/\/monters.liebau.org\/wp-content\/uploads\/2012\/12\/Logo-Obstm\u00e4rkte.jpg\" width=\"165\" height=\"311\" srcset=\"https:\/\/monters.liebau.org\/wp-content\/uploads\/2012\/12\/Logo-Obstm\u00e4rkte.jpg 165w, https:\/\/monters.liebau.org\/wp-content\/uploads\/2012\/12\/Logo-Obstm\u00e4rkte-159x300.jpg 159w\" sizes=\"auto, (max-width: 165px) 100vw, 165px\" \/><\/p>\n<p>Themenbeispiele:<\/p>\n<ul>\n<li>&#8222;Achten Sie aufs Etikett!&#8220; &#8211; Ern\u00e4hrungstipps f\u00fcr Eltern von Kindergartenkindern<\/li>\n<li>Lebensmittel \u2013 Was steckt drin?<\/li>\n<li>Werbebotschaften und Abnehmen<\/li>\n<li>Essen von der Steinzeit bis heute<\/li>\n<li>Mit Genuss in den Urlaub<\/li>\n<li>Wege zu einer gesunden Ern\u00e4hrung<\/li>\n<li>Ern\u00e4hrung f\u00fcr Dialysepatienten<\/li>\n<\/ul>\n<p>Fragen Sie nach weiteren Themen!<\/p>\n","protected":false},"excerpt":{"rendered":"<p>Einzelberatung\u00a0 Ich helfe ihnen im Beratungsgespr\u00e4ch in meiner Praxis in Weinstadt Ihren individuellen Weg zu einer geeigneten Ern\u00e4hrung zu finden. Ziel ist es, mit Ihnen einen ausgewogenen Speiseplan zu erarbeiten, der alle wichtigen Bestandteile unserer Nahrung enth\u00e4lt und zu Ihrer pers\u00f6nlichen Situation passt. Sie entscheiden, welchen Weg Sie mit meiner Hilfe gehen wollen. \u00c4rztliche Verordnungen, &#8230; <a title=\"Beratung\" class=\"read-more\" href=\"https:\/\/monters.liebau.org\/?page_id=18\" aria-label=\"Mehr Informationen \u00fcber Beratung\">Weiterlesen<\/a><\/p>\n","protected":false},"author":1,"featured_media":0,"parent":0,"menu_order":3,"comment_status":"closed","ping_status":"closed","template":"","meta":{"footnotes":""},"class_list":["post-18","page","type-page","status-publish"],"_links":{"self":[{"href":"https:\/\/monters.liebau.org\/index.php?rest_route=\/wp\/v2\/pages\/18","targetHints":{"allow":["GET"]}}],"collection":[{"href":"https:\/\/monters.liebau.org\/index.php?rest_route=\/wp\/v2\/pages"}],"about":[{"href":"https:\/\/monters.liebau.org\/index.php?rest_route=\/wp\/v2\/types\/page"}],"author":[{"embeddable":true,"href":"https:\/\/monters.liebau.org\/index.php?rest_route=\/wp\/v2\/users\/1"}],"replies":[{"embeddable":true,"href":"https:\/\/monters.liebau.org\/index.php?rest_route=%2Fwp%2Fv2%2Fcomments&post=18"}],"version-history":[{"count":23,"href":"https:\/\/monters.liebau.org\/index.php?rest_route=\/wp\/v2\/pages\/18\/revisions"}],"predecessor-version":[{"id":1185,"href":"https:\/\/monters.liebau.org\/index.php?rest_route=\/wp\/v2\/pages\/18\/revisions\/1185"}],"wp:attachment":[{"href":"https:\/\/monters.liebau.org\/index.php?rest_route=%2Fwp%2Fv2%2Fmedia&parent=18"}],"curies":[{"name":"wp","href":"https:\/\/api.w.org\/{rel}","templated":true}]}}