{"id":17,"date":"2012-12-19T18:27:52","date_gmt":"2012-12-19T17:27:52","guid":{"rendered":"http:\/\/monters.liebau.org\/wp\/?page_id=17"},"modified":"2025-09-09T19:44:10","modified_gmt":"2025-09-09T17:44:10","slug":"aktuelles","status":"publish","type":"page","link":"https:\/\/monters.liebau.org\/?page_id=17","title":{"rendered":"Zertifizierung"},"content":{"rendered":"<p><strong>16.September Tag der Patientensicherheit \u2013 ein Anlass, daran zu erinnern, wie wichtig Qualifikation in der Versorgung von Patientinnen und Patienten ist.<\/strong><\/p>\n<p>Gerade in der Ern\u00e4hrung\u00a0gibt es unz\u00e4hlige Tipps und Angebote \u2013 aber nicht immer fundierte Kompetenz. F\u00fcr Patientinnen und Patienten mit ern\u00e4hrungsbezogenen Erkrankungen bedeutet das: Unsicherheit.<br \/>\n&#x1f449; Deshalb bin ich bei <strong>E-Zert \u2013 Plattform qualifizierte Ern\u00e4hrungstherapie &amp; Ern\u00e4hrungsberatung e.<\/strong><strong>\u202f<\/strong><strong>V.<\/strong> zertifiziert.<\/p>\n<p><a href=\"https:\/\/e-zert.de\/\"><img loading=\"lazy\" decoding=\"async\" class=\"alignright size-full wp-image-1277\" src=\"https:\/\/monters.liebau.org\/wp-content\/uploads\/2025\/09\/e-zert.png\" alt=\"\" width=\"257\" height=\"223\" \/><\/a><\/p>\n<p>E-Zert sorgt f\u00fcr:<\/p>\n<ul>\n<li><strong>Transparenz<\/strong>: Patientinnen, Patienten, \u00c4rztinnen, \u00c4rzte und Krankenkassen finden qualifizierte Ern\u00e4hrungstherapeuten schnell und zuverl\u00e4ssig.<\/li>\n<li><strong>Qualit\u00e4tssicherung<\/strong>: Einheitliche Mindeststandards sichern die fachliche und therapeutische Kompetenz.<\/li>\n<li><strong>Patientensicherheit<\/strong>: fundierte Ern\u00e4hrungstherapie braucht fachliche Qualifikation und ist ein wesentlicher Teil einer hochwertigen Versorgung.<\/li>\n<\/ul>\n<p>Schon heute sind \u00fcber <strong>1.000\u00a0zertifizierte Ern\u00e4hrungsfachkr\u00e4fte<\/strong>\u00a0deutschlandweit gelistet \u2013 und es werden stetig mehr.<\/p>\n<p>Weil Patientensicherheit z\u00e4hlt.<br \/>\nWeil Qualifikation z\u00e4hlt.<br \/>\nWeil Gesundheit z\u00e4hlt.<\/p>\n<p>#Patientensicherheit #Ern\u00e4hrungstherapie #EZert #Qualit\u00e4tinderVersorgung<\/p>\n","protected":false},"excerpt":{"rendered":"<p>16.September Tag der Patientensicherheit \u2013 ein Anlass, daran zu erinnern, wie wichtig Qualifikation in der Versorgung von Patientinnen und Patienten ist. Gerade in der Ern\u00e4hrung\u00a0gibt es unz\u00e4hlige Tipps und Angebote \u2013 aber nicht immer fundierte Kompetenz. F\u00fcr Patientinnen und Patienten mit ern\u00e4hrungsbezogenen Erkrankungen bedeutet das: Unsicherheit. &#x1f449; Deshalb bin ich bei E-Zert \u2013 Plattform qualifizierte &#8230; <a title=\"Zertifizierung\" class=\"read-more\" href=\"https:\/\/monters.liebau.org\/?page_id=17\" aria-label=\"Mehr Informationen \u00fcber Zertifizierung\">Weiterlesen<\/a><\/p>\n","protected":false},"author":1,"featured_media":0,"parent":0,"menu_order":6,"comment_status":"closed","ping_status":"closed","template":"","meta":{"footnotes":""},"class_list":["post-17","page","type-page","status-publish"],"_links":{"self":[{"href":"https:\/\/monters.liebau.org\/index.php?rest_route=\/wp\/v2\/pages\/17","targetHints":{"allow":["GET"]}}],"collection":[{"href":"https:\/\/monters.liebau.org\/index.php?rest_route=\/wp\/v2\/pages"}],"about":[{"href":"https:\/\/monters.liebau.org\/index.php?rest_route=\/wp\/v2\/types\/page"}],"author":[{"embeddable":true,"href":"https:\/\/monters.liebau.org\/index.php?rest_route=\/wp\/v2\/users\/1"}],"replies":[{"embeddable":true,"href":"https:\/\/monters.liebau.org\/index.php?rest_route=%2Fwp%2Fv2%2Fcomments&post=17"}],"version-history":[{"count":20,"href":"https:\/\/monters.liebau.org\/index.php?rest_route=\/wp\/v2\/pages\/17\/revisions"}],"predecessor-version":[{"id":1279,"href":"https:\/\/monters.liebau.org\/index.php?rest_route=\/wp\/v2\/pages\/17\/revisions\/1279"}],"wp:attachment":[{"href":"https:\/\/monters.liebau.org\/index.php?rest_route=%2Fwp%2Fv2%2Fmedia&parent=17"}],"curies":[{"name":"wp","href":"https:\/\/api.w.org\/{rel}","templated":true}]}}