{"id":16,"date":"2017-10-03T14:27:41","date_gmt":"2017-10-03T12:27:41","guid":{"rendered":"http:\/\/monters.liebau.org\/wp\/?page_id=16"},"modified":"2026-04-10T16:43:30","modified_gmt":"2026-04-10T14:43:30","slug":"home","status":"publish","type":"page","link":"https:\/\/monters.liebau.org\/","title":{"rendered":"Willkommen"},"content":{"rendered":"<h1><img loading=\"lazy\" decoding=\"async\" class=\"alignright wp-image-624 size-medium\" src=\"https:\/\/monters.liebau.org\/wp-content\/uploads\/2012\/12\/03_M\u00e4rz-Willkommen-169x300.jpg\" alt=\"\" width=\"169\" height=\"300\" srcset=\"https:\/\/monters.liebau.org\/wp-content\/uploads\/2012\/12\/03_M\u00e4rz-Willkommen-169x300.jpg 169w, https:\/\/monters.liebau.org\/wp-content\/uploads\/2012\/12\/03_M\u00e4rz-Willkommen-576x1024.jpg 576w, https:\/\/monters.liebau.org\/wp-content\/uploads\/2012\/12\/03_M\u00e4rz-Willkommen.jpg 646w\" sizes=\"auto, (max-width: 169px) 100vw, 169px\" \/>F\u00fcr jeden gibt es<br \/>\ndie passende Ern\u00e4hrung!<\/h1>\n<p>Jede\/r hat unterschiedliche Vorlieben, Abneigungen und k\u00f6rperliche Voraussetzungen.<\/p>\n<p>In meiner <strong>Praxis f\u00fcr <\/strong><a href=\"https:\/\/monters.liebau.org\/?page_id=18\"><strong>Ern\u00e4hrungsberatung<\/strong><\/a><strong>\u00a0<\/strong> helfe Ihnen, diese in einen ausgewogenen Tagesplan einzubinden.<\/p>\n<p>In den verschiedenen Jahreszeiten bieten sich immer wieder andere Lebensmittel an , den eigenen Speiseplan regional, gesund und abwechslungsreich zu gestalten. Ich stelle Ihnen jeden Monat andere Produkte vor.<br \/>\nVielleicht motivieren Sie die passenden Rezepte dazu, sich mit den Farben, Ger\u00fcchen und Geschmacksrichtungen der Jahreszeiten zu besch\u00e4ftigen.<\/p>\n<p><strong>B\u00e4rlauchbl\u00e4tter<\/strong> geh\u00f6ren zum ersten Gr\u00fcn, das sich nach dem Winter zeigt.\u00a0 Der Fr\u00fchlingsauftritt des B\u00e4rlauchs ist kurz und beginnt im <a href=\"http:\/\/monters.de\/?page_id=269\">M\u00e4rz.<\/a> Es lohnt sich ihn intensiv zu genie\u00dfen. Erst vor einigen Jahren ist es gelungen, B\u00e4rlauch ergiebig zu kultivieren und damit leicht verf\u00fcgbar zu machen.\u00a0 B\u00e4rlauch wurde schon immer als Heilpflanze gesch\u00e4tzt. In vergangenen Jahrhunderten war es besonders wichtig, nach dem Winter wieder vitamin- und\u00a0n\u00e4hrstoffreiches Frisches auf den Tisch zu bekommen.<\/p>\n<p><img loading=\"lazy\" decoding=\"async\" class=\"alignleft size-medium wp-image-320\" src=\"https:\/\/monters.liebau.org\/wp-content\/uploads\/2016\/04\/04_April_logo-300x178.jpg\" alt=\"\" width=\"300\" height=\"178\" srcset=\"https:\/\/monters.liebau.org\/wp-content\/uploads\/2016\/04\/04_April_logo-300x178.jpg 300w, https:\/\/monters.liebau.org\/wp-content\/uploads\/2016\/04\/04_April_logo.jpg 605w\" sizes=\"auto, (max-width: 300px) 100vw, 300px\" \/><\/p>\n<p>&nbsp;<\/p>\n<p><span style=\"font-family: 'Georgia',serif; color: #333333;\">Im <\/span><a href=\"http:\/\/monters.de\/?page_id=308\"><span style=\"font-family: 'Georgia',serif;\">April<\/span><\/a><span style=\"font-family: 'Georgia',serif; color: #333333;\"> kommen mit <strong>Spargel<\/strong> und <strong>Rhabarber<\/strong> die ersten heimischen Gem\u00fcsesorten des Jahres auf den Markt. Sie sorgen f\u00fcr kalorienarme Abwechslung in unserem Speisplan und steigern die Freude auf die Produkte unserer heimischen Landwirtschaft, die bald folgen werden.<\/span><\/p>\n","protected":false},"excerpt":{"rendered":"<p>F\u00fcr jeden gibt es die passende Ern\u00e4hrung! Jede\/r hat unterschiedliche Vorlieben, Abneigungen und k\u00f6rperliche Voraussetzungen. In meiner Praxis f\u00fcr Ern\u00e4hrungsberatung\u00a0 helfe Ihnen, diese in einen ausgewogenen Tagesplan einzubinden. In den verschiedenen Jahreszeiten bieten sich immer wieder andere Lebensmittel an , den eigenen Speiseplan regional, gesund und abwechslungsreich zu gestalten. Ich stelle Ihnen jeden Monat andere &#8230; <a title=\"Willkommen\" class=\"read-more\" href=\"https:\/\/monters.liebau.org\/\" aria-label=\"Mehr Informationen \u00fcber Willkommen\">Weiterlesen<\/a><\/p>\n","protected":false},"author":1,"featured_media":0,"parent":0,"menu_order":1,"comment_status":"closed","ping_status":"closed","template":"","meta":{"footnotes":""},"class_list":["post-16","page","type-page","status-publish"],"_links":{"self":[{"href":"https:\/\/monters.liebau.org\/index.php?rest_route=\/wp\/v2\/pages\/16","targetHints":{"allow":["GET"]}}],"collection":[{"href":"https:\/\/monters.liebau.org\/index.php?rest_route=\/wp\/v2\/pages"}],"about":[{"href":"https:\/\/monters.liebau.org\/index.php?rest_route=\/wp\/v2\/types\/page"}],"author":[{"embeddable":true,"href":"https:\/\/monters.liebau.org\/index.php?rest_route=\/wp\/v2\/users\/1"}],"replies":[{"embeddable":true,"href":"https:\/\/monters.liebau.org\/index.php?rest_route=%2Fwp%2Fv2%2Fcomments&post=16"}],"version-history":[{"count":297,"href":"https:\/\/monters.liebau.org\/index.php?rest_route=\/wp\/v2\/pages\/16\/revisions"}],"predecessor-version":[{"id":1306,"href":"https:\/\/monters.liebau.org\/index.php?rest_route=\/wp\/v2\/pages\/16\/revisions\/1306"}],"wp:attachment":[{"href":"https:\/\/monters.liebau.org\/index.php?rest_route=%2Fwp%2Fv2%2Fmedia&parent=16"}],"curies":[{"name":"wp","href":"https:\/\/api.w.org\/{rel}","templated":true}]}}